{"id":4314,"date":"2023-11-21T11:41:40","date_gmt":"2023-11-21T14:41:40","guid":{"rendered":"https:\/\/neotecnologica.com.br\/lojavirtual\/?post_type=product&#038;p=4314"},"modified":"2024-01-16T18:09:41","modified_gmt":"2024-01-16T21:09:41","slug":"cabo-da-estacao-de-ar-quente-yaxun-850-3-fios-110v","status":"publish","type":"product","link":"https:\/\/neotecnologica.com.br\/lojavirtual\/produto\/cabo-da-estacao-de-ar-quente-yaxun-850-3-fios-110v\/","title":{"rendered":"Cabo da Esta\u00e7\u00e3o de Ar Quente  Yaxun 850 3 Fios 110v"},"content":{"rendered":"<p>COMPATIBILIDADE:<br \/>\n&#8211; YAXUM \/ YAXUN: 850 e 850B;<br \/>\n&#8211; HAKKO: 850;<br \/>\n&#8211; DNS: 850, 902 e 950;<br \/>\n&#8211; HIKARI: 850;<br \/>\n&#8211; TOYO: 850;<br \/>\n&#8211; AFR MAX: 850A;<br \/>\n&#8211; DEKEL: DK 850;<br \/>\n&#8211; AOYUE: 850;<br \/>\n&#8211; LINKO: 850H;<br \/>\n&#8211; BEST: 850;<br \/>\n&#8211; GORDAK: 850;<br \/>\n&#8211; SUNKKO: 850;<br \/>\n&#8211; TWEEZER: 850;<br \/>\n&#8211; QUICK 850A e 700, entre outros.<\/p>\n<p>Os Sopradores de ar quente ou manoplas fazem parte das esta\u00e7\u00f5es de retrabalho, esta\u00e7\u00f5es estas que operam com a fun\u00e7\u00e3o de aquecimento atrav\u00e9s de ar quente. Sua utiliza\u00e7\u00e3o \u00e9 de extrema import\u00e2ncia nos processos de reballing e dessoldagem, pois possibilita o operador aquecer e controlar constantemente seus componentes evitando assim poss\u00edveis danos.<br \/>\n&#8211; O Soprador de ar quente completo, tamb\u00e9m conhecido como manopla de ar cont\u00e9m uma resist\u00eancia envolta por um cristal de quartzo, cristal este que auxilia na uniformidade direcional em que o ar quente \u00e9 expelido, atingindo com maior precis\u00e3o o foco a ser aplicado.<br \/>\n-Possui uma mangueira emborrachada que, al\u00e9m de conduzir o ar e os fios de liga\u00e7\u00e3o garante ao operador total mobilidade e maior vida \u00fatil<br \/>\n&#8211; O Soprador de ar quente completo para esta\u00e7\u00e3o de solda e retrabalho conta com 3 fios de liga\u00e7\u00e3o, sendo 2 da resist\u00eancia e 1 para o aterramento. \u00c9 compat\u00edvel com um grande n\u00famero de esta\u00e7\u00f5es de retrabalho, todas que utilizam 3 fios na sua liga\u00e7\u00e3o e possuem compressor de ar dentro da esta\u00e7\u00e3o.<\/p>\n<p>CARACTER\u00cdSTICAS:<br \/>\n&#8211; Soprador de ar quente completo \/ Soprador de ar quente para esta\u00e7\u00f5es de retrabalho;<br \/>\n&#8211; Resist\u00eancia envolta por cristal de quartzo;<br \/>\n&#8211; Manopla desenvolvida em material antiest\u00e1tico;<br \/>\n&#8211; Mangueira de liga\u00e7\u00e3o flex\u00edvel e altamente dur\u00e1vel;<br \/>\n&#8211; Possui 3 fios para liga\u00e7\u00e3o;<br \/>\n&#8211; Compat\u00edvel com uma grande quantidade de esta\u00e7\u00f5es.<br \/>\n&#8211; Acompanha resist\u00eancia.<\/p>\n<p>ESPECIFICA\u00c7\u00d5ES:<br \/>\n&#8211; Marca: Yaxun;<br \/>\n&#8211; Modelo: 3 fios para esta\u00e7\u00e3o de retrabalho;<br \/>\n&#8211; Voltagem: 110V;<br \/>\n&#8211; Liga\u00e7\u00e3o: 3 fios (2 resist\u00eancia e 1 aterramento).<\/p>\n<p>&#8211; Dimens\u00f5es Soprador de ar quente : ~19 x 4cm (CxL);<br \/>\n&#8211; Comprimento mangueira: ~85cm;<br \/>\n&#8211; Peso: 200g.<\/p>\n","protected":false},"excerpt":{"rendered":"<p>&#8211; Dimens\u00f5es Soprador de ar quente : ~19 x 4cm (CxL);<br \/>\n&#8211; Comprimento mangueira: ~85cm;<br \/>\n&#8211; Peso: 200g.<\/p>\n","protected":false},"featured_media":4316,"comment_status":"closed","ping_status":"closed","template":"","meta":{"_joinchat":[]},"product_brand":[],"product_cat":[105],"product_tag":[],"class_list":{"0":"post-4314","1":"product","2":"type-product","3":"status-publish","4":"has-post-thumbnail","6":"product_cat-equipamentos-para-manutencao-em-celular","8":"first","9":"instock","10":"taxable","11":"shipping-taxable","12":"purchasable","13":"product-type-simple"},"_links":{"self":[{"href":"https:\/\/neotecnologica.com.br\/lojavirtual\/wp-json\/wp\/v2\/product\/4314","targetHints":{"allow":["GET"]}}],"collection":[{"href":"https:\/\/neotecnologica.com.br\/lojavirtual\/wp-json\/wp\/v2\/product"}],"about":[{"href":"https:\/\/neotecnologica.com.br\/lojavirtual\/wp-json\/wp\/v2\/types\/product"}],"replies":[{"embeddable":true,"href":"https:\/\/neotecnologica.com.br\/lojavirtual\/wp-json\/wp\/v2\/comments?post=4314"}],"wp:featuredmedia":[{"embeddable":true,"href":"https:\/\/neotecnologica.com.br\/lojavirtual\/wp-json\/wp\/v2\/media\/4316"}],"wp:attachment":[{"href":"https:\/\/neotecnologica.com.br\/lojavirtual\/wp-json\/wp\/v2\/media?parent=4314"}],"wp:term":[{"taxonomy":"product_brand","embeddable":true,"href":"https:\/\/neotecnologica.com.br\/lojavirtual\/wp-json\/wp\/v2\/product_brand?post=4314"},{"taxonomy":"product_cat","embeddable":true,"href":"https:\/\/neotecnologica.com.br\/lojavirtual\/wp-json\/wp\/v2\/product_cat?post=4314"},{"taxonomy":"product_tag","embeddable":true,"href":"https:\/\/neotecnologica.com.br\/lojavirtual\/wp-json\/wp\/v2\/product_tag?post=4314"}],"curies":[{"name":"wp","href":"https:\/\/api.w.org\/{rel}","templated":true}]}}