{"id":4309,"date":"2023-11-21T11:34:14","date_gmt":"2023-11-21T14:34:14","guid":{"rendered":"https:\/\/neotecnologica.com.br\/lojavirtual\/?post_type=product&#038;p=4309"},"modified":"2024-02-15T17:03:57","modified_gmt":"2024-02-15T20:03:57","slug":"iboot-digital-com-cabos-para-android-e-apple","status":"publish","type":"product","link":"https:\/\/neotecnologica.com.br\/lojavirtual\/produto\/iboot-digital-com-cabos-para-android-e-apple\/","title":{"rendered":"Iboot Digital (Com Cabos Para Android e Apple)"},"content":{"rendered":"<p>Desenvolvido para auxiliar t\u00e9cnicos de manuten\u00e7\u00e3o em celulares, com a id\u00e9ia de ligar o aparelho, fazendo uma avalia\u00e7\u00e3o de corrente e em casos de falha de boot e alimenta\u00e7\u00e3o das placas de smartphones\/celulares em geral, sendo toda linha Android e Apple. Utilizando o cabo de alimenta\u00e7\u00e3o do Iboot conectado a uma fonte de alimenta\u00e7\u00e3o externa, analisando problemas relacionados \u00e0 bateria ou a placa do aparelho celular conectado em um cabo USB na outra base desse equipamento. \u00a0Atualizado com cabo azul, de f\u00e1cil opera\u00e7\u00e3o para realizar as an\u00e1lises e manuten\u00e7\u00f5es. Compat\u00edvel com a maioria dos telefones Android e Apple, Suporta mais de 100 telefones android tipo Huawei, Xiaomi, Motorola, Asus, samsung, Nokia, Millet, Glory, Oppo,Vivo, Zte, Lg, Lenovo, Hisense, Sony, Philips, Blackberry, Htc, Sharp, , etc<\/p>\n<p>Garantia do vendedor: 3 meses<\/p>\n<p>Peso total, duas caixas : 477 G<\/p>\n<p>Dimens\u00f5es \u00a0\u00a0\u00a0\u00a0Embalagem 1\u00a0 : C 220mm \/ L 100mm \/ A30mm<\/p>\n<p>Embalagem 2\u00a0 : C120mm \/ L 90mm \u00a0\/\u00a0 A25mm<\/p>\n","protected":false},"excerpt":{"rendered":"<p>Desenvolvido para auxiliar t\u00e9cnicos de manuten\u00e7\u00e3o em celulares, com a id\u00e9ia de ligar o aparelho, fazendo uma avalia\u00e7\u00e3o de corrente e em casos de falha de boot e alimenta\u00e7\u00e3o das placas de smartphones\/celulares em geral, sendo toda linha Android e Apple.<\/p>\n","protected":false},"featured_media":4310,"comment_status":"closed","ping_status":"closed","template":"","meta":{"_joinchat":[]},"product_brand":[],"product_cat":[105],"product_tag":[],"class_list":{"0":"post-4309","1":"product","2":"type-product","3":"status-publish","4":"has-post-thumbnail","6":"product_cat-equipamentos-para-manutencao-em-celular","8":"first","9":"instock","10":"taxable","11":"shipping-taxable","12":"purchasable","13":"product-type-simple"},"_links":{"self":[{"href":"https:\/\/neotecnologica.com.br\/lojavirtual\/wp-json\/wp\/v2\/product\/4309","targetHints":{"allow":["GET"]}}],"collection":[{"href":"https:\/\/neotecnologica.com.br\/lojavirtual\/wp-json\/wp\/v2\/product"}],"about":[{"href":"https:\/\/neotecnologica.com.br\/lojavirtual\/wp-json\/wp\/v2\/types\/product"}],"replies":[{"embeddable":true,"href":"https:\/\/neotecnologica.com.br\/lojavirtual\/wp-json\/wp\/v2\/comments?post=4309"}],"wp:featuredmedia":[{"embeddable":true,"href":"https:\/\/neotecnologica.com.br\/lojavirtual\/wp-json\/wp\/v2\/media\/4310"}],"wp:attachment":[{"href":"https:\/\/neotecnologica.com.br\/lojavirtual\/wp-json\/wp\/v2\/media?parent=4309"}],"wp:term":[{"taxonomy":"product_brand","embeddable":true,"href":"https:\/\/neotecnologica.com.br\/lojavirtual\/wp-json\/wp\/v2\/product_brand?post=4309"},{"taxonomy":"product_cat","embeddable":true,"href":"https:\/\/neotecnologica.com.br\/lojavirtual\/wp-json\/wp\/v2\/product_cat?post=4309"},{"taxonomy":"product_tag","embeddable":true,"href":"https:\/\/neotecnologica.com.br\/lojavirtual\/wp-json\/wp\/v2\/product_tag?post=4309"}],"curies":[{"name":"wp","href":"https:\/\/api.w.org\/{rel}","templated":true}]}}