{"id":4307,"date":"2023-11-21T11:32:37","date_gmt":"2023-11-21T14:32:37","guid":{"rendered":"https:\/\/neotecnologica.com.br\/lojavirtual\/?post_type=product&#038;p=4307"},"modified":"2024-02-15T17:02:31","modified_gmt":"2024-02-15T20:02:31","slug":"banheira-ultrassonica-yaxun-yx3060-110v","status":"publish","type":"product","link":"https:\/\/neotecnologica.com.br\/lojavirtual\/produto\/banheira-ultrassonica-yaxun-yx3060-110v\/","title":{"rendered":"Banheira Ultrassonica yaxun YX3060 \u2013 110v"},"content":{"rendered":"<p>Banheira de excelente qualidade e custo beneficio, usada para limpeza de cartuchos, j\u00f3ias, \u00f3culos, placas de celulares e circuitos eletr\u00f4nicos em geral. Desentopimento de \u00a0cartuchos e outros objetos, limpeza de pe\u00e7as, \u00f3culos, bicos injetores de carro e moto, limpeza de cabe\u00e7a de impress\u00e3o etc&#8230;<br \/>\n* Ultrason digital YX 3060;<br \/>\n* Limpeza e desoxida\u00e7\u00e3o atrav\u00e9s de cavita\u00e7\u00e3o;<br \/>\n* Design moderno, compacto e leve;<br \/>\n* Painel digital de f\u00e1cil utiliza\u00e7\u00e3o;<br \/>\n* Utilizada em in\u00fameras funcionalidades;<br \/>\n* limpeza profunda dos seus objetos;<br \/>\n* Sele\u00e7\u00e3o de pot\u00eancia entre 30W ou 50W.<br \/>\n* Ajuste manual de tempo.<br \/>\nFicha t\u00e9cnica :<br \/>\n* Marca: Yaxun YX3060<br \/>\n* Funcionamento por Cavita\u00e7\u00e3o;<br \/>\n* Pot\u00eancia regul\u00e1vel\u00a0 30W ou 50W;<br \/>\n* Frequ\u00eancia operacional \u00a042KHz;<br \/>\n* Tempo de limpeza ajust\u00e1vel;<br \/>\n* Capacidade volum\u00e9trica at\u00e9 600ml;<br \/>\n* Dimens\u00f5es interna : 167 x 88 x 45mm (CxLxP);<br \/>\n* Dimens\u00f5es externa : 185 x 150 x 92mm (CxLxA);<br \/>\nGarantia do vendedor: 3 meses<\/p>\n<p>Peso com\u00a0 caixa 760g<\/p>\n<p>Dimens\u00f5es embalagem : C 200mm \/ L 160mm \/ A120mm<\/p>\n","protected":false},"excerpt":{"rendered":"<p>Banheira de excelente qualidade e custo beneficio, usada para limpeza de cartuchos, j\u00f3ias, \u00f3culos, placas de celulares e circuitos eletr\u00f4nicos em geral. Desentopimento de \u00a0cartuchos e outros objetos, limpeza de pe\u00e7as, \u00f3culos, bicos injetores de carro e moto, limpeza de cabe\u00e7a de impress\u00e3o etc&#8230;<\/p>\n","protected":false},"featured_media":4308,"comment_status":"closed","ping_status":"closed","template":"","meta":{"_joinchat":[]},"product_brand":[],"product_cat":[105],"product_tag":[],"class_list":{"0":"post-4307","1":"product","2":"type-product","3":"status-publish","4":"has-post-thumbnail","6":"product_cat-equipamentos-para-manutencao-em-celular","8":"first","9":"instock","10":"taxable","11":"shipping-taxable","12":"purchasable","13":"product-type-simple"},"_links":{"self":[{"href":"https:\/\/neotecnologica.com.br\/lojavirtual\/wp-json\/wp\/v2\/product\/4307","targetHints":{"allow":["GET"]}}],"collection":[{"href":"https:\/\/neotecnologica.com.br\/lojavirtual\/wp-json\/wp\/v2\/product"}],"about":[{"href":"https:\/\/neotecnologica.com.br\/lojavirtual\/wp-json\/wp\/v2\/types\/product"}],"replies":[{"embeddable":true,"href":"https:\/\/neotecnologica.com.br\/lojavirtual\/wp-json\/wp\/v2\/comments?post=4307"}],"wp:featuredmedia":[{"embeddable":true,"href":"https:\/\/neotecnologica.com.br\/lojavirtual\/wp-json\/wp\/v2\/media\/4308"}],"wp:attachment":[{"href":"https:\/\/neotecnologica.com.br\/lojavirtual\/wp-json\/wp\/v2\/media?parent=4307"}],"wp:term":[{"taxonomy":"product_brand","embeddable":true,"href":"https:\/\/neotecnologica.com.br\/lojavirtual\/wp-json\/wp\/v2\/product_brand?post=4307"},{"taxonomy":"product_cat","embeddable":true,"href":"https:\/\/neotecnologica.com.br\/lojavirtual\/wp-json\/wp\/v2\/product_cat?post=4307"},{"taxonomy":"product_tag","embeddable":true,"href":"https:\/\/neotecnologica.com.br\/lojavirtual\/wp-json\/wp\/v2\/product_tag?post=4307"}],"curies":[{"name":"wp","href":"https:\/\/api.w.org\/{rel}","templated":true}]}}