{"id":4303,"date":"2023-11-21T11:27:04","date_gmt":"2023-11-21T14:27:04","guid":{"rendered":"https:\/\/neotecnologica.com.br\/lojavirtual\/?post_type=product&#038;p=4303"},"modified":"2024-02-15T16:59:51","modified_gmt":"2024-02-15T19:59:51","slug":"separadora-descoladora-de-touch-de-celular-aida-899-110-220v","status":"publish","type":"product","link":"https:\/\/neotecnologica.com.br\/lojavirtual\/produto\/separadora-descoladora-de-touch-de-celular-aida-899-110-220v\/","title":{"rendered":"Separadora \/ Descoladora De Touch De Celular Aida 899 \u2013 110\/220v"},"content":{"rendered":"<p>Esta\u00e7\u00e3o de aquecimento utilizada em assist\u00eancia t\u00e9cnica de celulares para troca da tela de smartphones e tablets, separadora de LCD \/ Touch, separando a tela frontal danificada, com fixa\u00e7\u00e3o do LCD a v\u00e1cua sobre a base da esta\u00e7\u00e3o, com a superf\u00edcie de aquecimento desenvolvida com ligas de alum\u00ednio. Possui um funcional e pr\u00e1tico painel de opera\u00e7\u00e3o, pode atingir alto grau de transmiss\u00e3o de calor, sendo que a temperatura pode ser controlada em seus bot\u00f5es para controle preciso da varia\u00e7\u00e3o de calor da base, possui um display digital de temperatura, interruptor on\/off, possui p\u00e9s emborrachados e antiderrapantes, com uma distribui\u00e7\u00e3o do calor, facilidade e agilidade na remo\u00e7\u00e3o da tela frontal danificada, acompanha manta de silicone resistente \u00e0 temperatura.<\/p>\n<p>Ficha t\u00e9cnica:<br \/>\n* Marca: Aida;<br \/>\n* Modelo: 899 (110V Ou 220v)<br \/>\n* Tamanho m\u00e1ximo da tela: 7 Polegadas;<br \/>\n* Temperatura ajust\u00e1vel: 0 a 100C;<br \/>\n* Dimens\u00f5es da base aquecida (CxL): 190 x 110mm;<br \/>\n&#8211; Dimens\u00f5es (CxLxA): 220 x 140 x 80mm;<br \/>\n&#8211; Peso com embalagem: 1.620kg.<\/p>\n<p>Peso total da caixa 1,650 KG<\/p>\n<p>Dimens\u00f5es \u00a0embalagem: C 240mm \/ L 200mm \/ A120mm<\/p>\n","protected":false},"excerpt":{"rendered":"<p>Esta\u00e7\u00e3o de aquecimento utilizada em assist\u00eancia t\u00e9cnica de celulares para troca da tela de smartphones e tablets, separadora de LCD \/ Touch, separando a tela frontal danificada, com fixa\u00e7\u00e3o do LCD a v\u00e1cua sobre a base da esta\u00e7\u00e3o, com a superf\u00edcie de aquecimento desenvolvida com ligas de alum\u00ednio.<\/p>\n","protected":false},"featured_media":4304,"comment_status":"closed","ping_status":"closed","template":"","meta":{"_joinchat":[]},"product_brand":[],"product_cat":[105],"product_tag":[],"class_list":{"0":"post-4303","1":"product","2":"type-product","3":"status-publish","4":"has-post-thumbnail","6":"product_cat-equipamentos-para-manutencao-em-celular","8":"first","9":"instock","10":"taxable","11":"shipping-taxable","12":"purchasable","13":"product-type-simple"},"_links":{"self":[{"href":"https:\/\/neotecnologica.com.br\/lojavirtual\/wp-json\/wp\/v2\/product\/4303","targetHints":{"allow":["GET"]}}],"collection":[{"href":"https:\/\/neotecnologica.com.br\/lojavirtual\/wp-json\/wp\/v2\/product"}],"about":[{"href":"https:\/\/neotecnologica.com.br\/lojavirtual\/wp-json\/wp\/v2\/types\/product"}],"replies":[{"embeddable":true,"href":"https:\/\/neotecnologica.com.br\/lojavirtual\/wp-json\/wp\/v2\/comments?post=4303"}],"wp:featuredmedia":[{"embeddable":true,"href":"https:\/\/neotecnologica.com.br\/lojavirtual\/wp-json\/wp\/v2\/media\/4304"}],"wp:attachment":[{"href":"https:\/\/neotecnologica.com.br\/lojavirtual\/wp-json\/wp\/v2\/media?parent=4303"}],"wp:term":[{"taxonomy":"product_brand","embeddable":true,"href":"https:\/\/neotecnologica.com.br\/lojavirtual\/wp-json\/wp\/v2\/product_brand?post=4303"},{"taxonomy":"product_cat","embeddable":true,"href":"https:\/\/neotecnologica.com.br\/lojavirtual\/wp-json\/wp\/v2\/product_cat?post=4303"},{"taxonomy":"product_tag","embeddable":true,"href":"https:\/\/neotecnologica.com.br\/lojavirtual\/wp-json\/wp\/v2\/product_tag?post=4303"}],"curies":[{"name":"wp","href":"https:\/\/api.w.org\/{rel}","templated":true}]}}