{"id":4299,"date":"2023-11-21T11:21:50","date_gmt":"2023-11-21T14:21:50","guid":{"rendered":"https:\/\/neotecnologica.com.br\/lojavirtual\/?post_type=product&#038;p=4299"},"modified":"2024-02-15T16:58:26","modified_gmt":"2024-02-15T19:58:26","slug":"estacao-de-ferro-de-solda-profissional-digital-75w-220v","status":"publish","type":"product","link":"https:\/\/neotecnologica.com.br\/lojavirtual\/produto\/estacao-de-ferro-de-solda-profissional-digital-75w-220v\/","title":{"rendered":"Esta\u00e7\u00e3o De Ferro De Solda Profissional Digital 75W \u2013 220V"},"content":{"rendered":"<p>A Esta\u00e7\u00e3o de Solda Yaxun 951D \u00e9 ideal para ind\u00fastrias de eletr\u00f4nicos quem necessitam de uma esta\u00e7\u00e3o sofisticada, compacta e eficiente. Ela conta com um operativo ferro de solda totalmente protegido contra energia est\u00e1tica (ESD) e ponta tipo c\u00f4nica de longa durabilidade.<br \/>\n&#8211; O diferencial da Esta\u00e7\u00e3o de Solda Yaxun 951D est\u00e1 na alta tecnologia empregrada na sua produ\u00e7\u00e3o, podendo chegar a altas temperaturas de aquecimento, desta forma \u00e9 compat\u00edvel at\u00e9 mesmo com solda lead free (sem chumbo) de forma a proteger a sa\u00fade do operador e o ambiente.<br \/>\n&#8211; A Esta\u00e7\u00e3o de Solda Yaxun 951D conta com um conector 8 pinos para o f\u00e1cil engate do ferro de soldar, al\u00e9m de bot\u00f5es para controle e ajuste da temperaturas de forma digital com varia\u00e7\u00e3o entre 200\u00b0 a 450\u00b0Celsius. Possuindo ainda no canto inferir do display um LED indicador de aquecimento.<br \/>\n&#8211; Com uma interface totalmente digital a Esta\u00e7\u00e3o de Solda 951D conta com display de 7 segmentos e tr\u00eas d\u00edgitos vermelhos, contando ainda com com teclas para a definir os limites m\u00e1ximos de temperatura a que esta\u00e7\u00e3o deve chegar.<br \/>\n&#8211; Para maior seguran\u00e7a a Esta\u00e7\u00e3o de Solda 951D conta com uma chave de mem\u00f3ria que permite que somente um usu\u00e1rio possa modificar as configura\u00e7\u00f5es de temperatura e limites estabelecidos, j\u00e1 que somente com a introdu\u00e7\u00e3o da chave na esta\u00e7\u00e3o \u00e9 poss\u00edvel modificar os par\u00e2metros estabelecidos.<br \/>\n&#8211; A Esta\u00e7\u00e3o de Solda 951D conta ainda com um funcional bot\u00e3o on\/off de f\u00e1cil acesso na parte superior, de forma a aumentar a praticidade e seguran\u00e7a do operador, uma vez que n\u00e3o precisa ser retirada da energia cada vez que n\u00e3o estiver sendo utilizada.<br \/>\n&#8211; Juntamente a Esta\u00e7\u00e3o de Solda 951D acomapnha um ferro de solda ESD, uma base de metal para o apoio do ferro de solda, al\u00e9m de uma esponja vegetal para efetuar a limpeza da ponta durante o processo de soldagem, a fim de evitar danos e prolongar a sua vida \u00fatil.<\/p>\n<p>CARACTER\u00cdSTICAS:<br \/>\n&#8211; Esta\u00e7\u00e3o de Solda Digital;<br \/>\n&#8211; Uso profissional industrial;<br \/>\n&#8211; Sofisticada, compacta e eficiente;<br \/>\n&#8211; Alcan\u00e7a altas temperaturas;<br \/>\n&#8211; Modelo profissional;<br \/>\n&#8211; Timer para desligamento program\u00e1vel em 30, 60 ou 90 minutos;<br \/>\n&#8211; Permite definir limites m\u00e1ximos de temperatura;<br \/>\n&#8211; Baixo peso;<br \/>\n&#8211; Ferro de solda com prote\u00e7\u00e3o antiest\u00e1tica;<br \/>\n&#8211; Compat\u00edvel com solda Lead Free (sem chumbo);<br \/>\n&#8211; Garante maior economia de energia el\u00e9trica;<br \/>\n&#8211; Bot\u00f5es digitais para ajuste e controle de temperatura;<br \/>\n&#8211; Display para amostragem de temperatura;<br \/>\n&#8211; Chave de mem\u00f3ria para libera\u00e7\u00e3o das teclas;<br \/>\n&#8211; Bot\u00e3o on\/off de f\u00e1cil acesso;<br \/>\n&#8211; LED indicativo de aquecimento;<br \/>\n&#8211; Base de metal para apoio do ferro de solda;<br \/>\n&#8211; Esponja vegetal para limpeza da ponta;<br \/>\n&#8211; Design compacto e leve;<br \/>\n&#8211; F\u00e1cil opera\u00e7\u00e3o;<br \/>\n&#8211; Garantia Legal de 90 dias (contra defeitos de fabrica\u00e7\u00e3o).<\/p>\n<p>ESPECIFICA\u00c7\u00d5ES:<br \/>\n&#8211; Marca: Yaxun;<br \/>\n&#8211; Modelo: 951D;<br \/>\n&#8211; Pot\u00eancia M\u00e1x: 75W;<br \/>\n&#8211; Resist\u00eancia de Terra: 2 Ohms ou inferior.<br \/>\n&#8211; Potencial de terra: 2mV.<br \/>\n&#8211; Faixa de controle de temperatura: 200C a 450C.<br \/>\n&#8211; Tens\u00e3o de sa\u00edda: 30VAC;<br \/>\n&#8211; Comprimento do cabo do ferro de solda: 1m;<br \/>\n&#8211; Comprimento do cabo de energia: 1,5m;<\/p>\n<p>Garantia:<br \/>\n5 meses<\/p>\n","protected":false},"excerpt":{"rendered":"<p>A Esta\u00e7\u00e3o de Solda Yaxun 951D \u00e9 ideal para ind\u00fastrias de eletr\u00f4nicos quem necessitam de uma esta\u00e7\u00e3o sofisticada, compacta e eficiente. Ela conta com um operativo ferro de solda totalmente protegido contra energia est\u00e1tica (ESD) e ponta tipo c\u00f4nica de longa durabilidade.<\/p>\n","protected":false},"featured_media":4301,"comment_status":"closed","ping_status":"closed","template":"","meta":{"_joinchat":[]},"product_brand":[],"product_cat":[105],"product_tag":[],"class_list":{"0":"post-4299","1":"product","2":"type-product","3":"status-publish","4":"has-post-thumbnail","6":"product_cat-equipamentos-para-manutencao-em-celular","8":"first","9":"instock","10":"taxable","11":"shipping-taxable","12":"purchasable","13":"product-type-simple"},"_links":{"self":[{"href":"https:\/\/neotecnologica.com.br\/lojavirtual\/wp-json\/wp\/v2\/product\/4299","targetHints":{"allow":["GET"]}}],"collection":[{"href":"https:\/\/neotecnologica.com.br\/lojavirtual\/wp-json\/wp\/v2\/product"}],"about":[{"href":"https:\/\/neotecnologica.com.br\/lojavirtual\/wp-json\/wp\/v2\/types\/product"}],"replies":[{"embeddable":true,"href":"https:\/\/neotecnologica.com.br\/lojavirtual\/wp-json\/wp\/v2\/comments?post=4299"}],"wp:featuredmedia":[{"embeddable":true,"href":"https:\/\/neotecnologica.com.br\/lojavirtual\/wp-json\/wp\/v2\/media\/4301"}],"wp:attachment":[{"href":"https:\/\/neotecnologica.com.br\/lojavirtual\/wp-json\/wp\/v2\/media?parent=4299"}],"wp:term":[{"taxonomy":"product_brand","embeddable":true,"href":"https:\/\/neotecnologica.com.br\/lojavirtual\/wp-json\/wp\/v2\/product_brand?post=4299"},{"taxonomy":"product_cat","embeddable":true,"href":"https:\/\/neotecnologica.com.br\/lojavirtual\/wp-json\/wp\/v2\/product_cat?post=4299"},{"taxonomy":"product_tag","embeddable":true,"href":"https:\/\/neotecnologica.com.br\/lojavirtual\/wp-json\/wp\/v2\/product_tag?post=4299"}],"curies":[{"name":"wp","href":"https:\/\/api.w.org\/{rel}","templated":true}]}}