{"id":4297,"date":"2023-11-21T11:19:20","date_gmt":"2023-11-21T14:19:20","guid":{"rendered":"https:\/\/neotecnologica.com.br\/lojavirtual\/?post_type=product&#038;p=4297"},"modified":"2024-02-15T16:53:32","modified_gmt":"2024-02-15T19:53:32","slug":"fonte-de-alimentacao-wys-305d-5-a","status":"publish","type":"product","link":"https:\/\/neotecnologica.com.br\/lojavirtual\/produto\/fonte-de-alimentacao-wys-305d-5-a\/","title":{"rendered":"Fonte De Alimenta\u00e7\u00e3o WYS  305D &#8211; 5 A"},"content":{"rendered":"<p>Fonte de bancada assim\u00e9trica regul\u00e1vel com uma excelente qualidade, desempenho, custo benef\u00edcio, para t\u00e9cnicos que precisam de informa\u00e7\u00f5es seguras e reais.<br \/>\nEssa fonte \u00e9 leve compacta e se adapta em qualquer ambiente, devido ao seu tamanho. Modelo port\u00e1til, com uma maior efici\u00eancia e menor peso<br \/>\nPossui sistema de prote\u00e7\u00e3o operacional<br \/>\nCom baixa ondula\u00e7\u00e3o<br \/>\nPossui display de LED duplo para an\u00e1lise visual de tens\u00e3o e corrente<br \/>\nEstabilizador de tens\u00e3o<br \/>\nCorrente de limita\u00e7\u00e3o<br \/>\nF\u00e1cil opera\u00e7\u00e3o<br \/>\nCooler de ventila\u00e7\u00e3o com controle eletr\u00f4nico<br \/>\nBaix\u00edssimo n\u00edvel de ru\u00eddo<br \/>\nPotenci\u00f4metro para ajuste mais preciso (normal e fino)<br \/>\nFus\u00edvel de prote\u00e7\u00e3o<br \/>\nUsado em assist\u00eancia t\u00e9cnica de celulares, tablet, notebook, teste em linha de produ\u00e7\u00e3o, manuten\u00e7\u00e3o eletr\u00f4nica, carregamento de bateria, laborat\u00f3rios de testes, escolas t\u00e9cnica etc.<br \/>\nTens\u00e3o bivolt com seletor 127 v\/220VAC<br \/>\nBot\u00e3o ON\/OFF<\/p>\n<p>* Tens\u00e3o de entrada: AC 127 v ou 220 v com seletor,<br \/>\n* Tens\u00e3o de Sa\u00edda: 0~30 v,<br \/>\n* Corrente de sa\u00edda: 0~5A<br \/>\n* Resolu\u00e7\u00e3o tens\u00e3o: 0,1V<br \/>\n* Resolu\u00e7\u00e3o corrente: 0.01A<br \/>\n* Tens\u00e3o Ripple: Vpp=1%<br \/>\n* Efeito de energia: CV=1% + 10 mV<br \/>\n* Efeito da carga: CV=1% + 10 mV<br \/>\n* Ambiente de opera\u00e7\u00e3o: 10~45<br \/>\n* Dimens\u00f5es: ~ 10 x 80 x 155 mm<\/p>\n<p>Garantia do vendedor: 90 dias<\/p>\n<p>Peso com caixa : 1,708kg<\/p>\n<p>Dimens\u00f5es embalagem : C 250mm \/ L 110mm \/ A210mm<\/p>\n","protected":false},"excerpt":{"rendered":"<p>Fonte de bancada assim\u00e9trica regul\u00e1vel com uma excelente qualidade, desempenho, custo benef\u00edcio, para t\u00e9cnicos que precisam de informa\u00e7\u00f5es seguras e reais.<\/p>\n","protected":false},"featured_media":4298,"comment_status":"closed","ping_status":"closed","template":"","meta":{"_joinchat":[]},"product_brand":[],"product_cat":[105],"product_tag":[],"class_list":{"0":"post-4297","1":"product","2":"type-product","3":"status-publish","4":"has-post-thumbnail","6":"product_cat-equipamentos-para-manutencao-em-celular","8":"first","9":"instock","10":"taxable","11":"shipping-taxable","12":"purchasable","13":"product-type-simple"},"_links":{"self":[{"href":"https:\/\/neotecnologica.com.br\/lojavirtual\/wp-json\/wp\/v2\/product\/4297","targetHints":{"allow":["GET"]}}],"collection":[{"href":"https:\/\/neotecnologica.com.br\/lojavirtual\/wp-json\/wp\/v2\/product"}],"about":[{"href":"https:\/\/neotecnologica.com.br\/lojavirtual\/wp-json\/wp\/v2\/types\/product"}],"replies":[{"embeddable":true,"href":"https:\/\/neotecnologica.com.br\/lojavirtual\/wp-json\/wp\/v2\/comments?post=4297"}],"wp:featuredmedia":[{"embeddable":true,"href":"https:\/\/neotecnologica.com.br\/lojavirtual\/wp-json\/wp\/v2\/media\/4298"}],"wp:attachment":[{"href":"https:\/\/neotecnologica.com.br\/lojavirtual\/wp-json\/wp\/v2\/media?parent=4297"}],"wp:term":[{"taxonomy":"product_brand","embeddable":true,"href":"https:\/\/neotecnologica.com.br\/lojavirtual\/wp-json\/wp\/v2\/product_brand?post=4297"},{"taxonomy":"product_cat","embeddable":true,"href":"https:\/\/neotecnologica.com.br\/lojavirtual\/wp-json\/wp\/v2\/product_cat?post=4297"},{"taxonomy":"product_tag","embeddable":true,"href":"https:\/\/neotecnologica.com.br\/lojavirtual\/wp-json\/wp\/v2\/product_tag?post=4297"}],"curies":[{"name":"wp","href":"https:\/\/api.w.org\/{rel}","templated":true}]}}