{"id":4284,"date":"2023-11-21T11:06:24","date_gmt":"2023-11-21T14:06:24","guid":{"rendered":"https:\/\/neotecnologica.com.br\/lojavirtual\/?post_type=product&#038;p=4284"},"modified":"2024-02-15T16:46:33","modified_gmt":"2024-02-15T19:46:33","slug":"aplicador-de-breu-descobrir-curto-em-placas","status":"publish","type":"product","link":"https:\/\/neotecnologica.com.br\/lojavirtual\/produto\/aplicador-de-breu-descobrir-curto-em-placas\/","title":{"rendered":"Aplicador de Breu ( descobrir curto em placas )"},"content":{"rendered":"<p>Ferramenta muito pr\u00e1tica e utilizada para detectar, curto-circuito em placas de circuito eletr\u00f4nico. Dispensa o uso do ferro de solda el\u00e9trico e \u00a0apenas com esta ferramenta, voc\u00ea pode detectar rapidamente os pontos de falhas causados por curto.<br \/>\nEm formato de caneta, confort\u00e1vel e de f\u00e1cil manuseio parar dar uma melhor experi\u00eancia de utiliza\u00e7\u00e3o.<br \/>\nF\u00e1cil de operar, utilizando um pequeno peda\u00e7o de resina breu no embolo de vidro e\u00a0 pressionando o bot\u00e3o at\u00e9 sair uma fuma\u00e7a e espalhar na placa para detectar a falha.<br \/>\nPequeno, f\u00e1cil de transportar e armazenar, podendo coloc\u00e1-lo em sua caixa de ferramentas para \u00a0transporte.<br \/>\nF\u00e1cil de operar, n\u00e3o danifica a placa-m\u00e3e onde recebe a fuma\u00e7a, e as opera\u00e7\u00f5es s\u00e3o simples, n\u00e3o h\u00e1 necessidade de habilidades nem treinamentos para seu uso.<\/p>\n<p>Especifica\u00e7\u00f5es do fabricante:<br \/>\nMetal Niquelado de cobre, vidro e cer\u00e2mica<br \/>\nBateria de l\u00edtio 680mAh<\/p>\n<p>Peso\u00a0 70g<\/p>\n<p>Dimens\u00f5es embalagem\u00a0 : C 230mm \/ L 50mm \/ Espessura 20mm<\/p>\n<p>Garantia do vendedor: 3 meses<\/p>\n","protected":false},"excerpt":{"rendered":"<p>Ferramenta muito pr\u00e1tica e utilizada para detectar, curto-circuito em placas de circuito eletr\u00f4nico. Dispensa o uso do ferro de solda el\u00e9trico e \u00a0apenas com esta ferramenta, voc\u00ea pode detectar rapidamente os pontos de falhas causados por curto.<\/p>\n","protected":false},"featured_media":4285,"comment_status":"closed","ping_status":"closed","template":"","meta":{"_joinchat":[]},"product_brand":[],"product_cat":[105],"product_tag":[],"class_list":{"0":"post-4284","1":"product","2":"type-product","3":"status-publish","4":"has-post-thumbnail","6":"product_cat-equipamentos-para-manutencao-em-celular","8":"first","9":"instock","10":"taxable","11":"shipping-taxable","12":"purchasable","13":"product-type-simple"},"_links":{"self":[{"href":"https:\/\/neotecnologica.com.br\/lojavirtual\/wp-json\/wp\/v2\/product\/4284","targetHints":{"allow":["GET"]}}],"collection":[{"href":"https:\/\/neotecnologica.com.br\/lojavirtual\/wp-json\/wp\/v2\/product"}],"about":[{"href":"https:\/\/neotecnologica.com.br\/lojavirtual\/wp-json\/wp\/v2\/types\/product"}],"replies":[{"embeddable":true,"href":"https:\/\/neotecnologica.com.br\/lojavirtual\/wp-json\/wp\/v2\/comments?post=4284"}],"wp:featuredmedia":[{"embeddable":true,"href":"https:\/\/neotecnologica.com.br\/lojavirtual\/wp-json\/wp\/v2\/media\/4285"}],"wp:attachment":[{"href":"https:\/\/neotecnologica.com.br\/lojavirtual\/wp-json\/wp\/v2\/media?parent=4284"}],"wp:term":[{"taxonomy":"product_brand","embeddable":true,"href":"https:\/\/neotecnologica.com.br\/lojavirtual\/wp-json\/wp\/v2\/product_brand?post=4284"},{"taxonomy":"product_cat","embeddable":true,"href":"https:\/\/neotecnologica.com.br\/lojavirtual\/wp-json\/wp\/v2\/product_cat?post=4284"},{"taxonomy":"product_tag","embeddable":true,"href":"https:\/\/neotecnologica.com.br\/lojavirtual\/wp-json\/wp\/v2\/product_tag?post=4284"}],"curies":[{"name":"wp","href":"https:\/\/api.w.org\/{rel}","templated":true}]}}