{"id":4282,"date":"2023-11-21T11:02:36","date_gmt":"2023-11-21T14:02:36","guid":{"rendered":"https:\/\/neotecnologica.com.br\/lojavirtual\/?post_type=product&#038;p=4282"},"modified":"2024-02-15T16:44:54","modified_gmt":"2024-02-15T19:44:54","slug":"malha-desoldadora","status":"publish","type":"product","link":"https:\/\/neotecnologica.com.br\/lojavirtual\/produto\/malha-desoldadora\/","title":{"rendered":"Malha Desoldadora"},"content":{"rendered":"<p>Fita Malha de Cobre Dessoldadora 3,0mm x 1,5 metros, sem fluxo, utilizada para dessoldar componentes da placa de circuito eletr\u00f4nico, impresso, PTH, SMD e absorver o excesso de solda nos reparos eletr\u00f4nicos.<br \/>\nRemovem res\u00edduos de soldas no componente<br \/>\nlimpa e permite uma nova soldagem mais eficiente e r\u00e1pida.<br \/>\nFabrica\u00e7\u00e3o com fios de cobre entrela\u00e7ados, permite f\u00e1cil absor\u00e7\u00e3o da liga de estanho, tornando mais r\u00e1pido e eficiente o processo da dessoldagem.<\/p>\n<p>Peso\u00a0 12g<\/p>\n<p>Dimens\u00f5es rolo: Di\u00e2metro 30mm \/\u00a0 Espessura 10mm\u00a0 \/ comprimento 1,5MT<\/p>\n<p>Material: Cobre<\/p>\n","protected":false},"excerpt":{"rendered":"<p>Fita Malha de Cobre Dessoldadora 3,0mm x 1,5 metros, sem fluxo, utilizada para dessoldar componentes da placa de circuito eletr\u00f4nico, impresso, PTH, SMD e absorver o excesso de solda nos reparos eletr\u00f4nicos.<\/p>\n","protected":false},"featured_media":4283,"comment_status":"closed","ping_status":"closed","template":"","meta":{"_joinchat":[]},"product_brand":[],"product_cat":[105],"product_tag":[],"class_list":{"0":"post-4282","1":"product","2":"type-product","3":"status-publish","4":"has-post-thumbnail","6":"product_cat-equipamentos-para-manutencao-em-celular","8":"first","9":"instock","10":"taxable","11":"shipping-taxable","12":"purchasable","13":"product-type-simple"},"_links":{"self":[{"href":"https:\/\/neotecnologica.com.br\/lojavirtual\/wp-json\/wp\/v2\/product\/4282","targetHints":{"allow":["GET"]}}],"collection":[{"href":"https:\/\/neotecnologica.com.br\/lojavirtual\/wp-json\/wp\/v2\/product"}],"about":[{"href":"https:\/\/neotecnologica.com.br\/lojavirtual\/wp-json\/wp\/v2\/types\/product"}],"replies":[{"embeddable":true,"href":"https:\/\/neotecnologica.com.br\/lojavirtual\/wp-json\/wp\/v2\/comments?post=4282"}],"wp:featuredmedia":[{"embeddable":true,"href":"https:\/\/neotecnologica.com.br\/lojavirtual\/wp-json\/wp\/v2\/media\/4283"}],"wp:attachment":[{"href":"https:\/\/neotecnologica.com.br\/lojavirtual\/wp-json\/wp\/v2\/media?parent=4282"}],"wp:term":[{"taxonomy":"product_brand","embeddable":true,"href":"https:\/\/neotecnologica.com.br\/lojavirtual\/wp-json\/wp\/v2\/product_brand?post=4282"},{"taxonomy":"product_cat","embeddable":true,"href":"https:\/\/neotecnologica.com.br\/lojavirtual\/wp-json\/wp\/v2\/product_cat?post=4282"},{"taxonomy":"product_tag","embeddable":true,"href":"https:\/\/neotecnologica.com.br\/lojavirtual\/wp-json\/wp\/v2\/product_tag?post=4282"}],"curies":[{"name":"wp","href":"https:\/\/api.w.org\/{rel}","templated":true}]}}