{"id":4280,"date":"2023-11-21T10:59:28","date_gmt":"2023-11-21T13:59:28","guid":{"rendered":"https:\/\/neotecnologica.com.br\/lojavirtual\/?post_type=product&#038;p=4280"},"modified":"2024-02-15T16:43:36","modified_gmt":"2024-02-15T19:43:36","slug":"manta-de-silicone-anti-estatica-450mm-x-300mm","status":"publish","type":"product","link":"https:\/\/neotecnologica.com.br\/lojavirtual\/produto\/manta-de-silicone-anti-estatica-450mm-x-300mm\/","title":{"rendered":"Manta De Silicone Anti est\u00e1tica 450mm X 300mm"},"content":{"rendered":"<p>Deixe\u00a0 sua bancada de trabalho organizada com mais seguran\u00e7a e evite descargas el\u00e9tricas em placas e circuitos eletr\u00f4nicos.<br \/>\nA manta possui divis\u00f3rias, para organiza\u00e7\u00e3o de pe\u00e7as e parafusos nos diversos momentos durante os \u00a0reparos,<br \/>\nContem uma demarca\u00e7\u00e3o de r\u00e9gua e \u00e1rea para posicionamento,<br \/>\nCom v\u00e1rios compartimentos multiuso,<br \/>\nPossui sua base antiderrapante,<br \/>\nCom uma prote\u00e7\u00e3o isolante para eletricidade est\u00e1tica, evitando danos aos aparelhos e circuitos eletr\u00f4nicos e el\u00e9tricos durante toda a manuten\u00e7\u00e3o,<br \/>\nPodendo aplicar e utilizar altas temperaturas,<br \/>\nCom um tamanho ideal para otimizar tempo de trabalho e organiza\u00e7\u00e3o.<\/p>\n<p>Caracter\u00edsticas:<\/p>\n<p>Usado principalmente em reparos eletr\u00f4nicos e el\u00e9tricos dentre outras aplicabilidades;<br \/>\nDe material qu\u00edmico at\u00f3xico e inodoro;<br \/>\nAntiest\u00e1tico e anticorrosivo;<br \/>\nF\u00e1cil de limpar, podendo utilizar sab\u00e3o e \u00e1gua ou \u00e1lcool e outros produtos de limpeza.<br \/>\nComposi\u00e7\u00e3o: Silicone azul<\/p>\n<p>Peso\u00a0 510g\u00a0\u00a0\u00a0\u00a0\u00a0\u00a0\u00a0\u00a0\u00a0\u00a0\u00a0\u00a0\u00a0\u00a0\u00a0\u00a0\u00a0\u00a0\u00a0\u00a0\u00a0\u00a0\u00a0\u00a0\u00a0\u00a0\u00a0\u00a0\u00a0\u00a0\u00a0\u00a0\u00a0\u00a0\u00a0\u00a0\u00a0\u00a0\u00a0\u00a0\u00a0\u00a0\u00a0\u00a0\u00a0\u00a0\u00a0\u00a0\u00a0\u00a0\u00a0\u00a0\u00a0\u00a0\u00a0\u00a0\u00a0\u00a0\u00a0\u00a0\u00a0\u00a0\u00a0\u00a0\u00a0\u00a0\u00a0\u00a0\u00a0\u00a0\u00a0\u00a0\u00a0\u00a0\u00a0\u00a0\u00a0\u00a0\u00a0\u00a0\u00a0\u00a0\u00a0\u00a0\u00a0\u00a0\u00a0\u00a0\u00a0\u00a0\u00a0\u00a0\u00a0\u00a0\u00a0\u00a0\u00a0\u00a0\u00a0\u00a0\u00a0\u00a0\u00a0\u00a0\u00a0\u00a0\u00a0\u00a0\u00a0\u00a0\u00a0\u00a0\u00a0\u00a0\u00a0\u00a0\u00a0\u00a0\u00a0\u00a0\u00a0\u00a0\u00a0\u00a0\u00a0\u00a0\u00a0\u00a0\u00a0\u00a0\u00a0\u00a0\u00a0\u00a0\u00a0\u00a0\u00a0\u00a0\u00a0\u00a0\u00a0\u00a0\u00a0\u00a0\u00a0\u00a0\u00a0\u00a0\u00a0\u00a0\u00a0\u00a0\u00a0\u00a0\u00a0\u00a0\u00a0\u00a0\u00a0\u00a0\u00a0\u00a0\u00a0\u00a0\u00a0\u00a0\u00a0\u00a0\u00a0\u00a0 Dimens\u00f5es: C450mm\u00a0 \/\u00a0 300mm<\/p>\n","protected":false},"excerpt":{"rendered":"<p>Deixe\u00a0 sua bancada de trabalho organizada com mais seguran\u00e7a e evite descargas el\u00e9tricas em placas e circuitos eletr\u00f4nicos.<br \/>\nA manta possui divis\u00f3rias, para organiza\u00e7\u00e3o de pe\u00e7as e parafusos nos diversos momentos durante os \u00a0reparos,<br \/>\nContem uma demarca\u00e7\u00e3o de r\u00e9gua e \u00e1rea para posicionamento,<\/p>\n","protected":false},"featured_media":4281,"comment_status":"closed","ping_status":"closed","template":"","meta":{"_joinchat":[]},"product_brand":[],"product_cat":[105],"product_tag":[],"class_list":{"0":"post-4280","1":"product","2":"type-product","3":"status-publish","4":"has-post-thumbnail","6":"product_cat-equipamentos-para-manutencao-em-celular","8":"first","9":"instock","10":"taxable","11":"shipping-taxable","12":"purchasable","13":"product-type-simple"},"_links":{"self":[{"href":"https:\/\/neotecnologica.com.br\/lojavirtual\/wp-json\/wp\/v2\/product\/4280","targetHints":{"allow":["GET"]}}],"collection":[{"href":"https:\/\/neotecnologica.com.br\/lojavirtual\/wp-json\/wp\/v2\/product"}],"about":[{"href":"https:\/\/neotecnologica.com.br\/lojavirtual\/wp-json\/wp\/v2\/types\/product"}],"replies":[{"embeddable":true,"href":"https:\/\/neotecnologica.com.br\/lojavirtual\/wp-json\/wp\/v2\/comments?post=4280"}],"wp:featuredmedia":[{"embeddable":true,"href":"https:\/\/neotecnologica.com.br\/lojavirtual\/wp-json\/wp\/v2\/media\/4281"}],"wp:attachment":[{"href":"https:\/\/neotecnologica.com.br\/lojavirtual\/wp-json\/wp\/v2\/media?parent=4280"}],"wp:term":[{"taxonomy":"product_brand","embeddable":true,"href":"https:\/\/neotecnologica.com.br\/lojavirtual\/wp-json\/wp\/v2\/product_brand?post=4280"},{"taxonomy":"product_cat","embeddable":true,"href":"https:\/\/neotecnologica.com.br\/lojavirtual\/wp-json\/wp\/v2\/product_cat?post=4280"},{"taxonomy":"product_tag","embeddable":true,"href":"https:\/\/neotecnologica.com.br\/lojavirtual\/wp-json\/wp\/v2\/product_tag?post=4280"}],"curies":[{"name":"wp","href":"https:\/\/api.w.org\/{rel}","templated":true}]}}