{"id":4276,"date":"2023-11-20T16:33:53","date_gmt":"2023-11-20T19:33:53","guid":{"rendered":"https:\/\/neotecnologica.com.br\/lojavirtual\/?post_type=product&#038;p=4276"},"modified":"2024-02-15T16:40:50","modified_gmt":"2024-02-15T19:40:50","slug":"ima-de-magnetizar-desmagnetizar-chaves","status":"publish","type":"product","link":"https:\/\/neotecnologica.com.br\/lojavirtual\/produto\/ima-de-magnetizar-desmagnetizar-chaves\/","title":{"rendered":"Im\u00e3 De Magnetizar\/desmagnetizar Chaves"},"content":{"rendered":"<p>Utilizado para Magnetizar e desmagnetizar ferramentas como chaves de fenda e Phillips. Essa funcionalidade \u00e9 muito importante para fixar os parafusos pequenos na ponta da chave e facilitar o trabalho do profissional. Evitando que o parafuso caia e se perca durante o trabalho.<br \/>\nProduzido em placas magn\u00e9ticas com revestimento pl\u00e1stico com \u00f3tima resist\u00eancia,<br \/>\nIndicado para magnetizar e desmagnetizar chave de fenda e Phillips evitando perda de parafusos. Acabamento na cor Amarela, cinza e preto<\/p>\n<p>Peso\u00a0 9g<\/p>\n<p>Dimens\u00f5es: C 30mm \/\u00a0 L 30mm\u00a0 \/ Espessura 10mm<\/p>\n","protected":false},"excerpt":{"rendered":"<p>Utilizado para Magnetizar e desmagnetizar ferramentas como chaves de fenda e Phillips. Essa funcionalidade \u00e9 muito importante para fixar os parafusos pequenos na ponta da chave e facilitar o trabalho do profissional. Evitando que o parafuso caia e se perca durante o trabalho.<\/p>\n","protected":false},"featured_media":4277,"comment_status":"closed","ping_status":"closed","template":"","meta":{"_joinchat":[]},"product_brand":[],"product_cat":[105],"product_tag":[],"class_list":{"0":"post-4276","1":"product","2":"type-product","3":"status-publish","4":"has-post-thumbnail","6":"product_cat-equipamentos-para-manutencao-em-celular","8":"first","9":"instock","10":"taxable","11":"shipping-taxable","12":"purchasable","13":"product-type-simple"},"_links":{"self":[{"href":"https:\/\/neotecnologica.com.br\/lojavirtual\/wp-json\/wp\/v2\/product\/4276","targetHints":{"allow":["GET"]}}],"collection":[{"href":"https:\/\/neotecnologica.com.br\/lojavirtual\/wp-json\/wp\/v2\/product"}],"about":[{"href":"https:\/\/neotecnologica.com.br\/lojavirtual\/wp-json\/wp\/v2\/types\/product"}],"replies":[{"embeddable":true,"href":"https:\/\/neotecnologica.com.br\/lojavirtual\/wp-json\/wp\/v2\/comments?post=4276"}],"wp:featuredmedia":[{"embeddable":true,"href":"https:\/\/neotecnologica.com.br\/lojavirtual\/wp-json\/wp\/v2\/media\/4277"}],"wp:attachment":[{"href":"https:\/\/neotecnologica.com.br\/lojavirtual\/wp-json\/wp\/v2\/media?parent=4276"}],"wp:term":[{"taxonomy":"product_brand","embeddable":true,"href":"https:\/\/neotecnologica.com.br\/lojavirtual\/wp-json\/wp\/v2\/product_brand?post=4276"},{"taxonomy":"product_cat","embeddable":true,"href":"https:\/\/neotecnologica.com.br\/lojavirtual\/wp-json\/wp\/v2\/product_cat?post=4276"},{"taxonomy":"product_tag","embeddable":true,"href":"https:\/\/neotecnologica.com.br\/lojavirtual\/wp-json\/wp\/v2\/product_tag?post=4276"}],"curies":[{"name":"wp","href":"https:\/\/api.w.org\/{rel}","templated":true}]}}