{"id":4271,"date":"2023-11-20T16:26:51","date_gmt":"2023-11-20T19:26:51","guid":{"rendered":"https:\/\/neotecnologica.com.br\/lojavirtual\/?post_type=product&#038;p=4271"},"modified":"2024-02-14T17:48:06","modified_gmt":"2024-02-14T20:48:06","slug":"pulseira-anti-estatica","status":"publish","type":"product","link":"https:\/\/neotecnologica.com.br\/lojavirtual\/produto\/pulseira-anti-estatica\/","title":{"rendered":"Pulseira anti est\u00e1tica"},"content":{"rendered":"<p>Pulseira anti est\u00e1tica feita para descarregar a energia est\u00e1tica do seu corpo, evitando a queima de componentes eletr\u00f4nicos em geral, placas e circuitos.<br \/>\nAl\u00e7a de pulso que dissipa a est\u00e1tica.<br \/>\nProtege seus equipamentos eletr\u00f4nicos contra a energia ESD (est\u00e1tica).<br \/>\nBasta prender a pulseira em torno do pulso.<br \/>\nEvita choques est\u00e1ticos em ambiente seco.<br \/>\nElimina a est\u00e1tica que pode danificar as pe\u00e7as e equipamentos eletr\u00f4nicos.<br \/>\nPode ser totalmente ajust\u00e1vel ao seu pulso.<\/p>\n<p>Peso\u00a0 17g<\/p>\n<p>Dimens\u00f5es da embalagem : C 60mm \/ L 100mm \/ Espessura 10mm<\/p>\n","protected":false},"excerpt":{"rendered":"<p>Pulseira anti est\u00e1tica feita para descarregar a energia est\u00e1tica do seu corpo, evitando a queima de componentes eletr\u00f4nicos em geral, placas e circuitos.<\/p>\n","protected":false},"featured_media":4272,"comment_status":"closed","ping_status":"closed","template":"","meta":{"_joinchat":[]},"product_brand":[],"product_cat":[105],"product_tag":[],"class_list":{"0":"post-4271","1":"product","2":"type-product","3":"status-publish","4":"has-post-thumbnail","6":"product_cat-equipamentos-para-manutencao-em-celular","8":"first","9":"instock","10":"taxable","11":"shipping-taxable","12":"purchasable","13":"product-type-simple"},"_links":{"self":[{"href":"https:\/\/neotecnologica.com.br\/lojavirtual\/wp-json\/wp\/v2\/product\/4271","targetHints":{"allow":["GET"]}}],"collection":[{"href":"https:\/\/neotecnologica.com.br\/lojavirtual\/wp-json\/wp\/v2\/product"}],"about":[{"href":"https:\/\/neotecnologica.com.br\/lojavirtual\/wp-json\/wp\/v2\/types\/product"}],"replies":[{"embeddable":true,"href":"https:\/\/neotecnologica.com.br\/lojavirtual\/wp-json\/wp\/v2\/comments?post=4271"}],"wp:featuredmedia":[{"embeddable":true,"href":"https:\/\/neotecnologica.com.br\/lojavirtual\/wp-json\/wp\/v2\/media\/4272"}],"wp:attachment":[{"href":"https:\/\/neotecnologica.com.br\/lojavirtual\/wp-json\/wp\/v2\/media?parent=4271"}],"wp:term":[{"taxonomy":"product_brand","embeddable":true,"href":"https:\/\/neotecnologica.com.br\/lojavirtual\/wp-json\/wp\/v2\/product_brand?post=4271"},{"taxonomy":"product_cat","embeddable":true,"href":"https:\/\/neotecnologica.com.br\/lojavirtual\/wp-json\/wp\/v2\/product_cat?post=4271"},{"taxonomy":"product_tag","embeddable":true,"href":"https:\/\/neotecnologica.com.br\/lojavirtual\/wp-json\/wp\/v2\/product_tag?post=4271"}],"curies":[{"name":"wp","href":"https:\/\/api.w.org\/{rel}","templated":true}]}}