{"id":4267,"date":"2023-11-20T16:22:15","date_gmt":"2023-11-20T19:22:15","guid":{"rendered":"https:\/\/neotecnologica.com.br\/lojavirtual\/?post_type=product&#038;p=4267"},"modified":"2024-02-14T17:45:29","modified_gmt":"2024-02-14T20:45:29","slug":"dispenser-com-agulha","status":"publish","type":"product","link":"https:\/\/neotecnologica.com.br\/lojavirtual\/produto\/dispenser-com-agulha\/","title":{"rendered":"Dispenser  Com Agulha"},"content":{"rendered":"<p>Frasco 50ml C\/ Ponta Agulha para \u00c1lcool Isoprop\u00edlico e ou outros l\u00edquidos. Ideal para armazenamento de l\u00edquidos nocivos como \u00e1lcool isoprop\u00edlico, pode ser utilizado para fluxos, acetona, benzina e mais.<br \/>\nUm \u00f3timo para quem gosta de manter a bancada limpa e organizada.<br \/>\nFacilita o fluxo de sa\u00edda, sem se preocupar com gastos execivas do l\u00edquido.<br \/>\nIndicado para profissional para t\u00e9cnicos de eletr\u00f4nicos e adequado para ind\u00fastrias qu\u00edmicas.<br \/>\nIdeal para o armazenamento de l\u00edquidos nocivos (prejudiciais);<br \/>\nDesenvolvido em PVC antiest\u00e9tico, pr\u00e1tico e seguro;<br \/>\nIdeal para utilizar sob bancadas;<\/p>\n<p>Ficha T\u00e9cnica:<br \/>\nTipo de Material: Pl\u00e1stico poliuretano branco<\/p>\n<p>Agulha para dosar o l\u00edquido<br \/>\nCapacidade: 50ml<\/p>\n<p>Dimens\u00f5es\u00a0 : Di\u00e2metro 20mm\u00a0 \/ A 8mm<\/p>\n","protected":false},"excerpt":{"rendered":"<p>Frasco 50ml C\/ Ponta Agulha para \u00c1lcool Isoprop\u00edlico e ou outros l\u00edquidos. Ideal para armazenamento de l\u00edquidos nocivos como \u00e1lcool isoprop\u00edlico, pode ser utilizado para fluxos, acetona, benzina e mais.<\/p>\n","protected":false},"featured_media":4268,"comment_status":"closed","ping_status":"closed","template":"","meta":{"_joinchat":[]},"product_brand":[],"product_cat":[105],"product_tag":[],"class_list":{"0":"post-4267","1":"product","2":"type-product","3":"status-publish","4":"has-post-thumbnail","6":"product_cat-equipamentos-para-manutencao-em-celular","8":"first","9":"instock","10":"taxable","11":"shipping-taxable","12":"purchasable","13":"product-type-simple"},"_links":{"self":[{"href":"https:\/\/neotecnologica.com.br\/lojavirtual\/wp-json\/wp\/v2\/product\/4267","targetHints":{"allow":["GET"]}}],"collection":[{"href":"https:\/\/neotecnologica.com.br\/lojavirtual\/wp-json\/wp\/v2\/product"}],"about":[{"href":"https:\/\/neotecnologica.com.br\/lojavirtual\/wp-json\/wp\/v2\/types\/product"}],"replies":[{"embeddable":true,"href":"https:\/\/neotecnologica.com.br\/lojavirtual\/wp-json\/wp\/v2\/comments?post=4267"}],"wp:featuredmedia":[{"embeddable":true,"href":"https:\/\/neotecnologica.com.br\/lojavirtual\/wp-json\/wp\/v2\/media\/4268"}],"wp:attachment":[{"href":"https:\/\/neotecnologica.com.br\/lojavirtual\/wp-json\/wp\/v2\/media?parent=4267"}],"wp:term":[{"taxonomy":"product_brand","embeddable":true,"href":"https:\/\/neotecnologica.com.br\/lojavirtual\/wp-json\/wp\/v2\/product_brand?post=4267"},{"taxonomy":"product_cat","embeddable":true,"href":"https:\/\/neotecnologica.com.br\/lojavirtual\/wp-json\/wp\/v2\/product_cat?post=4267"},{"taxonomy":"product_tag","embeddable":true,"href":"https:\/\/neotecnologica.com.br\/lojavirtual\/wp-json\/wp\/v2\/product_tag?post=4267"}],"curies":[{"name":"wp","href":"https:\/\/api.w.org\/{rel}","templated":true}]}}