{"id":4265,"date":"2023-11-20T16:20:30","date_gmt":"2023-11-20T19:20:30","guid":{"rendered":"https:\/\/neotecnologica.com.br\/lojavirtual\/?post_type=product&#038;p=4265"},"modified":"2024-02-14T17:44:06","modified_gmt":"2024-02-14T20:44:06","slug":"dispenser-para-alcool-isopropilico","status":"publish","type":"product","link":"https:\/\/neotecnologica.com.br\/lojavirtual\/produto\/dispenser-para-alcool-isopropilico\/","title":{"rendered":"Dispenser Para Alcool Isoprop\u00edlico"},"content":{"rendered":"<p>Ideal para armazenar \u00e1lcool isoprop\u00edlico ou qualquer outro tipo de l\u00edquido nocivo em seguran\u00e7a e de forma que n\u00e3o evapore com facilidade.<br \/>\nPossui uma tampa com formato de cuba, com uma bomba, bastando pressionar a bomba para que o l\u00edquido suba para a parte superior da cuba e assim podendo umedecer seu objeto para limpeza (escova anti-est\u00e1tica, pano, algod\u00e3o, cotonete, etc.) sem precisar inclinar o recipiente.<br \/>\nAdequado para opera\u00e7\u00f5es nos laborat\u00f3rio com tampa em a\u00e7o inox que viabiliza seu uso com reagentes fortes sem riscos de corros\u00e3o.<\/p>\n<p>Peso\u00a0 39g<\/p>\n<p>Dimens\u00f5es\u00a0 : C 40mm \/ L 40mm \/ A 70mm<\/p>\n","protected":false},"excerpt":{"rendered":"<p>Ideal para armazenar \u00e1lcool isoprop\u00edlico ou qualquer outro tipo de l\u00edquido nocivo em seguran\u00e7a e de forma que n\u00e3o evapore com facilidade.<\/p>\n","protected":false},"featured_media":4266,"comment_status":"closed","ping_status":"closed","template":"","meta":{"_joinchat":[]},"product_brand":[],"product_cat":[105],"product_tag":[],"class_list":{"0":"post-4265","1":"product","2":"type-product","3":"status-publish","4":"has-post-thumbnail","6":"product_cat-equipamentos-para-manutencao-em-celular","8":"first","9":"instock","10":"taxable","11":"shipping-taxable","12":"purchasable","13":"product-type-simple"},"_links":{"self":[{"href":"https:\/\/neotecnologica.com.br\/lojavirtual\/wp-json\/wp\/v2\/product\/4265","targetHints":{"allow":["GET"]}}],"collection":[{"href":"https:\/\/neotecnologica.com.br\/lojavirtual\/wp-json\/wp\/v2\/product"}],"about":[{"href":"https:\/\/neotecnologica.com.br\/lojavirtual\/wp-json\/wp\/v2\/types\/product"}],"replies":[{"embeddable":true,"href":"https:\/\/neotecnologica.com.br\/lojavirtual\/wp-json\/wp\/v2\/comments?post=4265"}],"wp:featuredmedia":[{"embeddable":true,"href":"https:\/\/neotecnologica.com.br\/lojavirtual\/wp-json\/wp\/v2\/media\/4266"}],"wp:attachment":[{"href":"https:\/\/neotecnologica.com.br\/lojavirtual\/wp-json\/wp\/v2\/media?parent=4265"}],"wp:term":[{"taxonomy":"product_brand","embeddable":true,"href":"https:\/\/neotecnologica.com.br\/lojavirtual\/wp-json\/wp\/v2\/product_brand?post=4265"},{"taxonomy":"product_cat","embeddable":true,"href":"https:\/\/neotecnologica.com.br\/lojavirtual\/wp-json\/wp\/v2\/product_cat?post=4265"},{"taxonomy":"product_tag","embeddable":true,"href":"https:\/\/neotecnologica.com.br\/lojavirtual\/wp-json\/wp\/v2\/product_tag?post=4265"}],"curies":[{"name":"wp","href":"https:\/\/api.w.org\/{rel}","templated":true}]}}