{"id":4263,"date":"2023-11-20T16:17:58","date_gmt":"2023-11-20T19:17:58","guid":{"rendered":"https:\/\/neotecnologica.com.br\/lojavirtual\/?post_type=product&#038;p=4263"},"modified":"2024-02-14T17:43:16","modified_gmt":"2024-02-14T20:43:16","slug":"fita-dupla-face-fina","status":"publish","type":"product","link":"https:\/\/neotecnologica.com.br\/lojavirtual\/produto\/fita-dupla-face-fina\/","title":{"rendered":"Fita Dupla Face Fina"},"content":{"rendered":"<p>Produto multiuso ideal para utilizar em assist\u00eancia t\u00e9cnicas de celulares, tablets, notebooks e eletr\u00f4nicos. Possui excelente ader\u00eancia e fixa\u00e7\u00e3o. Com apenas 0,25mm de espessura, que proporciona um encaixe perfeito ao que se desejar colar.<br \/>\nPode-se utilizar em artesanato, cartazes, acr\u00edlicos leves e diversos outras aplica\u00e7\u00f5es em trabalhos escolares, em casa, no trabalho etc.<\/p>\n<p>Rolo com 50 metros x 3 mil\u00edmetros de espessura x 0,25mm de altura do adesivo.<\/p>\n<p>Peso rolo 45g<\/p>\n<p>Dimens\u00f5es\u00a0 : Di\u00e2metro 160mm\u00a0 \/ Espessura 3mm<\/p>\n","protected":false},"excerpt":{"rendered":"<p>Produto multiuso ideal para utilizar em assist\u00eancia t\u00e9cnicas de celulares, tablets, notebooks e eletr\u00f4nicos. Possui excelente ader\u00eancia e fixa\u00e7\u00e3o. Com apenas 0,25mm de espessura, que proporciona um encaixe perfeito ao que se desejar colar.<\/p>\n","protected":false},"featured_media":4264,"comment_status":"closed","ping_status":"closed","template":"","meta":{"_joinchat":[]},"product_brand":[],"product_cat":[105],"product_tag":[],"class_list":{"0":"post-4263","1":"product","2":"type-product","3":"status-publish","4":"has-post-thumbnail","6":"product_cat-equipamentos-para-manutencao-em-celular","8":"first","9":"instock","10":"taxable","11":"shipping-taxable","12":"purchasable","13":"product-type-simple"},"_links":{"self":[{"href":"https:\/\/neotecnologica.com.br\/lojavirtual\/wp-json\/wp\/v2\/product\/4263","targetHints":{"allow":["GET"]}}],"collection":[{"href":"https:\/\/neotecnologica.com.br\/lojavirtual\/wp-json\/wp\/v2\/product"}],"about":[{"href":"https:\/\/neotecnologica.com.br\/lojavirtual\/wp-json\/wp\/v2\/types\/product"}],"replies":[{"embeddable":true,"href":"https:\/\/neotecnologica.com.br\/lojavirtual\/wp-json\/wp\/v2\/comments?post=4263"}],"wp:featuredmedia":[{"embeddable":true,"href":"https:\/\/neotecnologica.com.br\/lojavirtual\/wp-json\/wp\/v2\/media\/4264"}],"wp:attachment":[{"href":"https:\/\/neotecnologica.com.br\/lojavirtual\/wp-json\/wp\/v2\/media?parent=4263"}],"wp:term":[{"taxonomy":"product_brand","embeddable":true,"href":"https:\/\/neotecnologica.com.br\/lojavirtual\/wp-json\/wp\/v2\/product_brand?post=4263"},{"taxonomy":"product_cat","embeddable":true,"href":"https:\/\/neotecnologica.com.br\/lojavirtual\/wp-json\/wp\/v2\/product_cat?post=4263"},{"taxonomy":"product_tag","embeddable":true,"href":"https:\/\/neotecnologica.com.br\/lojavirtual\/wp-json\/wp\/v2\/product_tag?post=4263"}],"curies":[{"name":"wp","href":"https:\/\/api.w.org\/{rel}","templated":true}]}}