{"id":4260,"date":"2023-11-20T16:12:20","date_gmt":"2023-11-20T19:12:20","guid":{"rendered":"https:\/\/neotecnologica.com.br\/lojavirtual\/?post_type=product&#038;p=4260"},"modified":"2024-02-14T17:41:05","modified_gmt":"2024-02-14T20:41:05","slug":"fio-de-reconstituir-trilha","status":"publish","type":"product","link":"https:\/\/neotecnologica.com.br\/lojavirtual\/produto\/fio-de-reconstituir-trilha\/","title":{"rendered":"Fio De Reconstituir Trilha"},"content":{"rendered":"<p>Fio De Cobre utilizado em reparos,jumper, trilhas de placa de celulares e circuitos eletr\u00f4nicos de mode geral. Com \u00a00.10mm.Fio feito Cobre 0.10mm Yaxun, com Cobre esmaltado, ideal para reparos em eletr\u00f4nica, principalmente em processos que exigem restaura\u00e7\u00e3o de trilhas ou caminhos em cabos flex\u00edveis e placas de circuito impresso. A flexibilidade e resist\u00eancia do Fio de Cobre, permite ao t\u00e9cnico moldar e distribuir o fio entre todos os tipos de componentes, possui alta capacidade de absor\u00e7\u00e3o de estanho de solda, podendo ser utilizado em suportes de ferro de solda, j\u00e1 que \u00e9 enrolada em um carretel de f\u00e1cil utiliza\u00e7\u00e3o. Al\u00e9m do auxilio em diversos tipos de reparos,conta com sistema de isola\u00e7\u00e3o esmalte, que protege contra curto circuito e outra avarias que podem ser causadas pelo contato com fio. Sendo uma solu\u00e7\u00e3o perfeita t\u00e9cnicos em eletr\u00f4nica que trabalham com reparos em celulares, tablets, notebooks, games, indutores, transformadores e demais circuitos eletr\u00f4nicos que possam precisar deste tipo de material. Possui Revestimento esmaltado isolante, sendo extremamente fino e flex\u00edvel com alta resist\u00eancia. Com um carretel de f\u00e1cil utiliza\u00e7\u00e3o. Comprimento Aproximado: 15m. Di\u00e2metro do carretel: 32mm.<\/p>\n<p>Peso rolo 3g<\/p>\n<p>Dimens\u00f5es\u00a0 : Di\u00e2metro 20mm \/ A 15mm<\/p>\n","protected":false},"excerpt":{"rendered":"<p>Fio De Cobre utilizado em reparos,jumper, trilhas de placa de celulares e circuitos eletr\u00f4nicos de mode geral. Com \u00a00.10mm.Fio feito Cobre 0.10mm Yaxun, com Cobre esmaltado, ideal para reparos em eletr\u00f4nica, principalmente em processos que exigem restaura\u00e7\u00e3o de trilhas ou caminhos em cabos flex\u00edveis e placas de circuito impresso.<\/p>\n","protected":false},"featured_media":4324,"comment_status":"closed","ping_status":"closed","template":"","meta":{"_joinchat":[]},"product_brand":[],"product_cat":[105],"product_tag":[],"class_list":{"0":"post-4260","1":"product","2":"type-product","3":"status-publish","4":"has-post-thumbnail","6":"product_cat-equipamentos-para-manutencao-em-celular","8":"first","9":"instock","10":"taxable","11":"shipping-taxable","12":"purchasable","13":"product-type-simple"},"_links":{"self":[{"href":"https:\/\/neotecnologica.com.br\/lojavirtual\/wp-json\/wp\/v2\/product\/4260","targetHints":{"allow":["GET"]}}],"collection":[{"href":"https:\/\/neotecnologica.com.br\/lojavirtual\/wp-json\/wp\/v2\/product"}],"about":[{"href":"https:\/\/neotecnologica.com.br\/lojavirtual\/wp-json\/wp\/v2\/types\/product"}],"replies":[{"embeddable":true,"href":"https:\/\/neotecnologica.com.br\/lojavirtual\/wp-json\/wp\/v2\/comments?post=4260"}],"wp:featuredmedia":[{"embeddable":true,"href":"https:\/\/neotecnologica.com.br\/lojavirtual\/wp-json\/wp\/v2\/media\/4324"}],"wp:attachment":[{"href":"https:\/\/neotecnologica.com.br\/lojavirtual\/wp-json\/wp\/v2\/media?parent=4260"}],"wp:term":[{"taxonomy":"product_brand","embeddable":true,"href":"https:\/\/neotecnologica.com.br\/lojavirtual\/wp-json\/wp\/v2\/product_brand?post=4260"},{"taxonomy":"product_cat","embeddable":true,"href":"https:\/\/neotecnologica.com.br\/lojavirtual\/wp-json\/wp\/v2\/product_cat?post=4260"},{"taxonomy":"product_tag","embeddable":true,"href":"https:\/\/neotecnologica.com.br\/lojavirtual\/wp-json\/wp\/v2\/product_tag?post=4260"}],"curies":[{"name":"wp","href":"https:\/\/api.w.org\/{rel}","templated":true}]}}