{"id":4257,"date":"2023-11-20T16:07:30","date_gmt":"2023-11-20T19:07:30","guid":{"rendered":"https:\/\/neotecnologica.com.br\/lojavirtual\/?post_type=product&#038;p=4257"},"modified":"2024-02-14T17:38:16","modified_gmt":"2024-02-14T20:38:16","slug":"pasta-de-solda-cobix","status":"publish","type":"product","link":"https:\/\/neotecnologica.com.br\/lojavirtual\/produto\/pasta-de-solda-cobix\/","title":{"rendered":"Pasta de solda Cobix"},"content":{"rendered":"<p>Pasta para soldar Cobix, tem a finalidade de garantir o contato el\u00e9trico entre as partes que ser\u00e3o soldadas aumentando a resist\u00eancia mec\u00e2nica. Por n\u00e3o usar o produto pode tornar mais dif\u00edcil o processo de soldagem e a solda pode escorrer e grudar em locais impr\u00f3prios do circuito. A pasta Cobix garante que o estanho se funda ao metal com uma maior facilidade, direcionando assim, a solda ao local correto.<br \/>\nCobix \u00e9 uma empresa refer\u00eancia no ramo de produtos para soldagem. Para garantir que o produto final atenda as especifica\u00e7\u00f5es da empresa, \u00e9 realizado um acompanhamento do controle de qualidade durante a fabrica\u00e7\u00e3o de cada um dos produtos.<\/p>\n<p>Peso embalagem 120 g\u00a0 \u00a0 \u00a0 \u00a0 \u00a0 \u00a0 \u00a0 \u00a0 \u00a0 \u00a0 \u00a0 \u00a0 \u00a0 \u00a0 \u00a0 \u00a0 \u00a0 \u00a0 \u00a0 \u00a0 \u00a0 \u00a0 \u00a0 \u00a0 \u00a0 \u00a0 \u00a0 \u00a0 \u00a0 \u00a0 \u00a0 \u00a0 \u00a0 \u00a0 \u00a0 \u00a0 \u00a0 \u00a0 \u00a0 \u00a0 \u00a0 \u00a0 \u00a0 \u00a0 \u00a0 \u00a0 \u00a0 \u00a0 \u00a0 \u00a0 \u00a0 \u00a0 \u00a0 \u00a0 \u00a0 \u00a0 \u00a0 \u00a0 \u00a0 \u00a0 \u00a0 \u00a0 \u00a0 \u00a0 \u00a0 \u00a0 \u00a0 \u00a0 \u00a0 \u00a0 \u00a0 \u00a0 \u00a0 \u00a0 \u00a0 \u00a0 \u00a0 \u00a0 \u00a0 \u00a0 \u00a0 \u00a0 Dimens\u00f5es: Di\u00e2metro 40 mm \/ A 50 mm<\/p>\n","protected":false},"excerpt":{"rendered":"<p>Pasta para soldar Cobix, tem a finalidade de garantir o contato el\u00e9trico entre as partes que ser\u00e3o soldadas aumentando a resist\u00eancia mec\u00e2nica. Por n\u00e3o usar o produto pode tornar mais dif\u00edcil o processo de soldagem e a solda pode escorrer e grudar em locais impr\u00f3prios do circuito. A pasta Cobix garante que o estanho se funda ao metal com uma maior facilidade, direcionando assim, a solda ao local correto.<\/p>\n","protected":false},"featured_media":4323,"comment_status":"closed","ping_status":"closed","template":"","meta":{"_joinchat":[]},"product_brand":[],"product_cat":[105],"product_tag":[],"class_list":{"0":"post-4257","1":"product","2":"type-product","3":"status-publish","4":"has-post-thumbnail","6":"product_cat-equipamentos-para-manutencao-em-celular","8":"first","9":"instock","10":"taxable","11":"shipping-taxable","12":"purchasable","13":"product-type-simple"},"_links":{"self":[{"href":"https:\/\/neotecnologica.com.br\/lojavirtual\/wp-json\/wp\/v2\/product\/4257","targetHints":{"allow":["GET"]}}],"collection":[{"href":"https:\/\/neotecnologica.com.br\/lojavirtual\/wp-json\/wp\/v2\/product"}],"about":[{"href":"https:\/\/neotecnologica.com.br\/lojavirtual\/wp-json\/wp\/v2\/types\/product"}],"replies":[{"embeddable":true,"href":"https:\/\/neotecnologica.com.br\/lojavirtual\/wp-json\/wp\/v2\/comments?post=4257"}],"wp:featuredmedia":[{"embeddable":true,"href":"https:\/\/neotecnologica.com.br\/lojavirtual\/wp-json\/wp\/v2\/media\/4323"}],"wp:attachment":[{"href":"https:\/\/neotecnologica.com.br\/lojavirtual\/wp-json\/wp\/v2\/media?parent=4257"}],"wp:term":[{"taxonomy":"product_brand","embeddable":true,"href":"https:\/\/neotecnologica.com.br\/lojavirtual\/wp-json\/wp\/v2\/product_brand?post=4257"},{"taxonomy":"product_cat","embeddable":true,"href":"https:\/\/neotecnologica.com.br\/lojavirtual\/wp-json\/wp\/v2\/product_cat?post=4257"},{"taxonomy":"product_tag","embeddable":true,"href":"https:\/\/neotecnologica.com.br\/lojavirtual\/wp-json\/wp\/v2\/product_tag?post=4257"}],"curies":[{"name":"wp","href":"https:\/\/api.w.org\/{rel}","templated":true}]}}