{"id":4252,"date":"2023-11-20T15:59:06","date_gmt":"2023-11-20T18:59:06","guid":{"rendered":"https:\/\/neotecnologica.com.br\/lojavirtual\/?post_type=product&#038;p=4252"},"modified":"2024-02-14T17:30:50","modified_gmt":"2024-02-14T20:30:50","slug":"espatula-de-plastico-para-manutencao-em-celular","status":"publish","type":"product","link":"https:\/\/neotecnologica.com.br\/lojavirtual\/produto\/espatula-de-plastico-para-manutencao-em-celular\/","title":{"rendered":"Esp\u00e1tula De Pl\u00e1stico Para Manuten\u00e7\u00e3o Em Celular"},"content":{"rendered":"<p>Esp\u00e1tula de pl\u00e1stico, anti-est\u00e1tica, utilizado em assist\u00eancias t\u00e9cnicas de modo geral, principalmente, de celulares, utilizada para retirar: telas, componentes, e cabos flex, dentre outros componentes, oferecendo um menor risco de queimar ou danificar \u00a0a placa do celular ou de qualquer outro aparelho el\u00e9trico ou eletr\u00f4nico.<br \/>\nMaterial resistente com longa durabilidade.<\/p>\n<p>Peso embalagem 4g<\/p>\n<p>Dimens\u00f5es : C 140mm \/ L 7mm \/ Espessura 3mm<\/p>\n","protected":false},"excerpt":{"rendered":"<p>Esp\u00e1tula de pl\u00e1stico, anti-est\u00e1tica, utilizado em assist\u00eancias t\u00e9cnicas de modo geral, principalmente, de celulares, utilizada para retirar: telas, componentes, e cabos flex, dentre outros componentes, oferecendo um menor risco de queimar ou danificar \u00a0a placa do celular ou de qualquer outro aparelho el\u00e9trico ou eletr\u00f4nico.<br \/>\nMaterial resistente com longa durabilidade.<\/p>\n","protected":false},"featured_media":4253,"comment_status":"closed","ping_status":"closed","template":"","meta":{"_joinchat":[]},"product_brand":[],"product_cat":[105],"product_tag":[],"class_list":{"0":"post-4252","1":"product","2":"type-product","3":"status-publish","4":"has-post-thumbnail","6":"product_cat-equipamentos-para-manutencao-em-celular","8":"first","9":"instock","10":"taxable","11":"shipping-taxable","12":"purchasable","13":"product-type-simple"},"_links":{"self":[{"href":"https:\/\/neotecnologica.com.br\/lojavirtual\/wp-json\/wp\/v2\/product\/4252","targetHints":{"allow":["GET"]}}],"collection":[{"href":"https:\/\/neotecnologica.com.br\/lojavirtual\/wp-json\/wp\/v2\/product"}],"about":[{"href":"https:\/\/neotecnologica.com.br\/lojavirtual\/wp-json\/wp\/v2\/types\/product"}],"replies":[{"embeddable":true,"href":"https:\/\/neotecnologica.com.br\/lojavirtual\/wp-json\/wp\/v2\/comments?post=4252"}],"wp:featuredmedia":[{"embeddable":true,"href":"https:\/\/neotecnologica.com.br\/lojavirtual\/wp-json\/wp\/v2\/media\/4253"}],"wp:attachment":[{"href":"https:\/\/neotecnologica.com.br\/lojavirtual\/wp-json\/wp\/v2\/media?parent=4252"}],"wp:term":[{"taxonomy":"product_brand","embeddable":true,"href":"https:\/\/neotecnologica.com.br\/lojavirtual\/wp-json\/wp\/v2\/product_brand?post=4252"},{"taxonomy":"product_cat","embeddable":true,"href":"https:\/\/neotecnologica.com.br\/lojavirtual\/wp-json\/wp\/v2\/product_cat?post=4252"},{"taxonomy":"product_tag","embeddable":true,"href":"https:\/\/neotecnologica.com.br\/lojavirtual\/wp-json\/wp\/v2\/product_tag?post=4252"}],"curies":[{"name":"wp","href":"https:\/\/api.w.org\/{rel}","templated":true}]}}