{"id":4250,"date":"2023-11-20T15:56:01","date_gmt":"2023-11-20T18:56:01","guid":{"rendered":"https:\/\/neotecnologica.com.br\/lojavirtual\/?post_type=product&#038;p=4250"},"modified":"2024-02-14T17:29:31","modified_gmt":"2024-02-14T20:29:31","slug":"paleta-de-metal-para-manutencao-em-celular","status":"publish","type":"product","link":"https:\/\/neotecnologica.com.br\/lojavirtual\/produto\/paleta-de-metal-para-manutencao-em-celular\/","title":{"rendered":"Paleta de metal Para Manuten\u00e7\u00e3o Em Celular"},"content":{"rendered":"<p>Paleta de a\u00e7o inox, que auxilia nas desmontagens de celulares e qualquer aparelho eletr\u00f4nico e el\u00e9trico, facilitando o desencaixe de pe\u00e7as e componentes pl\u00e1sticos feito sob press\u00e3o no seu processo de fabrica\u00e7\u00e3o.<br \/>\nFerramenta de grande utilidade e necessidade em assist\u00eancias t\u00e9cnicas de celulares.<br \/>\nMaterial de a\u00e7o inox, que proporciona uma qualidade superior, alta resist\u00eancia e durabilidade dessa ferramenta indispens\u00e1vel para t\u00e9cnicos em reparos de modo geral.<\/p>\n<p>Garantia do vendedor: 3 meses<\/p>\n<p>Peso\u00a0 10g<\/p>\n<p>Dimens\u00f5es\u00a0 : Di\u00e2metro 20mm \/ Espessura 1mm<\/p>\n","protected":false},"excerpt":{"rendered":"<p>Paleta de a\u00e7o inox, que auxilia nas desmontagens de celulares e qualquer aparelho eletr\u00f4nico e el\u00e9trico, facilitando o desencaixe de pe\u00e7as e componentes pl\u00e1sticos feito sob press\u00e3o no seu processo de fabrica\u00e7\u00e3o.<br \/>\nFerramenta de grande utilidade e necessidade em assist\u00eancias t\u00e9cnicas de celulares.<\/p>\n","protected":false},"featured_media":4251,"comment_status":"closed","ping_status":"closed","template":"","meta":{"_joinchat":[]},"product_brand":[],"product_cat":[105],"product_tag":[],"class_list":{"0":"post-4250","1":"product","2":"type-product","3":"status-publish","4":"has-post-thumbnail","6":"product_cat-equipamentos-para-manutencao-em-celular","8":"first","9":"instock","10":"taxable","11":"shipping-taxable","12":"purchasable","13":"product-type-simple"},"_links":{"self":[{"href":"https:\/\/neotecnologica.com.br\/lojavirtual\/wp-json\/wp\/v2\/product\/4250","targetHints":{"allow":["GET"]}}],"collection":[{"href":"https:\/\/neotecnologica.com.br\/lojavirtual\/wp-json\/wp\/v2\/product"}],"about":[{"href":"https:\/\/neotecnologica.com.br\/lojavirtual\/wp-json\/wp\/v2\/types\/product"}],"replies":[{"embeddable":true,"href":"https:\/\/neotecnologica.com.br\/lojavirtual\/wp-json\/wp\/v2\/comments?post=4250"}],"wp:featuredmedia":[{"embeddable":true,"href":"https:\/\/neotecnologica.com.br\/lojavirtual\/wp-json\/wp\/v2\/media\/4251"}],"wp:attachment":[{"href":"https:\/\/neotecnologica.com.br\/lojavirtual\/wp-json\/wp\/v2\/media?parent=4250"}],"wp:term":[{"taxonomy":"product_brand","embeddable":true,"href":"https:\/\/neotecnologica.com.br\/lojavirtual\/wp-json\/wp\/v2\/product_brand?post=4250"},{"taxonomy":"product_cat","embeddable":true,"href":"https:\/\/neotecnologica.com.br\/lojavirtual\/wp-json\/wp\/v2\/product_cat?post=4250"},{"taxonomy":"product_tag","embeddable":true,"href":"https:\/\/neotecnologica.com.br\/lojavirtual\/wp-json\/wp\/v2\/product_tag?post=4250"}],"curies":[{"name":"wp","href":"https:\/\/api.w.org\/{rel}","templated":true}]}}