{"id":4248,"date":"2023-11-20T15:30:29","date_gmt":"2023-11-20T18:30:29","guid":{"rendered":"https:\/\/neotecnologica.com.br\/lojavirtual\/?post_type=product&#038;p=4248"},"modified":"2024-02-14T17:28:14","modified_gmt":"2024-02-14T20:28:14","slug":"espatula-de-dentista","status":"publish","type":"product","link":"https:\/\/neotecnologica.com.br\/lojavirtual\/produto\/espatula-de-dentista\/","title":{"rendered":"Esp\u00e1tula de dentista"},"content":{"rendered":"<p>Auxilia em todos os servi\u00e7os e trabalhos feitos em equipamentos eletr\u00f4nicos e el\u00e9tricos, com seu material em a\u00e7o inox de qualidade superior e estrias ao longo do corpo pra uma melhor ergonomia e sustentabilidade nas m\u00e3os.<\/p>\n<p>Garantia do vendedor: 3 meses<\/p>\n<p>Peso embalagem 25 g<\/p>\n<p>Dimens\u00f5es da embalagem : C 210mm \/ L 20mm\u00a0 \/ Espessura 3mm<\/p>\n","protected":false},"excerpt":{"rendered":"<p>Auxilia em todos os servi\u00e7os e trabalhos feitos em equipamentos eletr\u00f4nicos e el\u00e9tricos, com seu material em a\u00e7o inox de qualidade superior e estrias ao longo do corpo pra uma melhor ergonomia e sustentabilidade nas m\u00e3os.<\/p>\n","protected":false},"featured_media":4249,"comment_status":"closed","ping_status":"closed","template":"","meta":{"_joinchat":[]},"product_brand":[],"product_cat":[105],"product_tag":[],"class_list":{"0":"post-4248","1":"product","2":"type-product","3":"status-publish","4":"has-post-thumbnail","6":"product_cat-equipamentos-para-manutencao-em-celular","8":"first","9":"instock","10":"taxable","11":"shipping-taxable","12":"purchasable","13":"product-type-simple"},"_links":{"self":[{"href":"https:\/\/neotecnologica.com.br\/lojavirtual\/wp-json\/wp\/v2\/product\/4248","targetHints":{"allow":["GET"]}}],"collection":[{"href":"https:\/\/neotecnologica.com.br\/lojavirtual\/wp-json\/wp\/v2\/product"}],"about":[{"href":"https:\/\/neotecnologica.com.br\/lojavirtual\/wp-json\/wp\/v2\/types\/product"}],"replies":[{"embeddable":true,"href":"https:\/\/neotecnologica.com.br\/lojavirtual\/wp-json\/wp\/v2\/comments?post=4248"}],"wp:featuredmedia":[{"embeddable":true,"href":"https:\/\/neotecnologica.com.br\/lojavirtual\/wp-json\/wp\/v2\/media\/4249"}],"wp:attachment":[{"href":"https:\/\/neotecnologica.com.br\/lojavirtual\/wp-json\/wp\/v2\/media?parent=4248"}],"wp:term":[{"taxonomy":"product_brand","embeddable":true,"href":"https:\/\/neotecnologica.com.br\/lojavirtual\/wp-json\/wp\/v2\/product_brand?post=4248"},{"taxonomy":"product_cat","embeddable":true,"href":"https:\/\/neotecnologica.com.br\/lojavirtual\/wp-json\/wp\/v2\/product_cat?post=4248"},{"taxonomy":"product_tag","embeddable":true,"href":"https:\/\/neotecnologica.com.br\/lojavirtual\/wp-json\/wp\/v2\/product_tag?post=4248"}],"curies":[{"name":"wp","href":"https:\/\/api.w.org\/{rel}","templated":true}]}}