{"id":4240,"date":"2023-11-20T15:23:19","date_gmt":"2023-11-20T18:23:19","guid":{"rendered":"https:\/\/neotecnologica.com.br\/lojavirtual\/?post_type=product&#038;p=4240"},"modified":"2024-02-14T17:22:44","modified_gmt":"2024-02-14T20:22:44","slug":"lupa-de-olho","status":"publish","type":"product","link":"https:\/\/neotecnologica.com.br\/lojavirtual\/produto\/lupa-de-olho\/","title":{"rendered":"Lupa de Olho"},"content":{"rendered":"<p>Lupa de olho, conhecida no mercado, como lupa de relojoeiro, amplia 5x o tamanho dos componentes de placas e circuitos eletr\u00f4nicos, melhorando a visualiza\u00e7\u00e3o de qualquer componentes, sem exigir muito esfor\u00e7o dos olhos, proporcionando um conforto agrad\u00e1vel.<br \/>\nAuxilia nos trabalhos de bancada, deixando as m\u00e3os do t\u00e9cnico livres. De f\u00e1cil ajuste, adapta\u00e7\u00e3o e se prende com facilidade ao olho. Todo material produzido em pl\u00e1tico. Lentes transparentes com uma qualidade que facilita o trabalho do profissional.<\/p>\n<p>Peso embalagem 10g<\/p>\n<p>Dimens\u00f5es da embalagem : C 30mm \/ L 30mm \/ A 20mm<\/p>\n","protected":false},"excerpt":{"rendered":"<p>Lupa de olho, conhecida no mercado, como lupa de relojoeiro, amplia 5x o tamanho dos componentes de placas e circuitos eletr\u00f4nicos, melhorando a visualiza\u00e7\u00e3o de qualquer componentes, sem exigir muito esfor\u00e7o dos olhos, proporcionando um conforto agrad\u00e1vel.<br \/>\nAuxilia nos trabalhos de bancada, deixando as m\u00e3os do t\u00e9cnico livres. De f\u00e1cil ajuste, adapta\u00e7\u00e3o e se prende com facilidade ao olho. Todo material produzido em pl\u00e1tico. Lentes transparentes com uma qualidade que facilita o trabalho do profissional.<\/p>\n","protected":false},"featured_media":4241,"comment_status":"closed","ping_status":"closed","template":"","meta":{"_joinchat":[]},"product_brand":[],"product_cat":[105],"product_tag":[],"class_list":{"0":"post-4240","1":"product","2":"type-product","3":"status-publish","4":"has-post-thumbnail","6":"product_cat-equipamentos-para-manutencao-em-celular","8":"first","9":"instock","10":"taxable","11":"shipping-taxable","12":"purchasable","13":"product-type-simple"},"_links":{"self":[{"href":"https:\/\/neotecnologica.com.br\/lojavirtual\/wp-json\/wp\/v2\/product\/4240","targetHints":{"allow":["GET"]}}],"collection":[{"href":"https:\/\/neotecnologica.com.br\/lojavirtual\/wp-json\/wp\/v2\/product"}],"about":[{"href":"https:\/\/neotecnologica.com.br\/lojavirtual\/wp-json\/wp\/v2\/types\/product"}],"replies":[{"embeddable":true,"href":"https:\/\/neotecnologica.com.br\/lojavirtual\/wp-json\/wp\/v2\/comments?post=4240"}],"wp:featuredmedia":[{"embeddable":true,"href":"https:\/\/neotecnologica.com.br\/lojavirtual\/wp-json\/wp\/v2\/media\/4241"}],"wp:attachment":[{"href":"https:\/\/neotecnologica.com.br\/lojavirtual\/wp-json\/wp\/v2\/media?parent=4240"}],"wp:term":[{"taxonomy":"product_brand","embeddable":true,"href":"https:\/\/neotecnologica.com.br\/lojavirtual\/wp-json\/wp\/v2\/product_brand?post=4240"},{"taxonomy":"product_cat","embeddable":true,"href":"https:\/\/neotecnologica.com.br\/lojavirtual\/wp-json\/wp\/v2\/product_cat?post=4240"},{"taxonomy":"product_tag","embeddable":true,"href":"https:\/\/neotecnologica.com.br\/lojavirtual\/wp-json\/wp\/v2\/product_tag?post=4240"}],"curies":[{"name":"wp","href":"https:\/\/api.w.org\/{rel}","templated":true}]}}