{"id":4238,"date":"2023-11-20T15:21:50","date_gmt":"2023-11-20T18:21:50","guid":{"rendered":"https:\/\/neotecnologica.com.br\/lojavirtual\/?post_type=product&#038;p=4238"},"modified":"2024-02-14T17:21:44","modified_gmt":"2024-02-14T20:21:44","slug":"lupa-com-suporte-de-placa","status":"publish","type":"product","link":"https:\/\/neotecnologica.com.br\/lojavirtual\/produto\/lupa-com-suporte-de-placa\/","title":{"rendered":"Lupa Com Suporte De Placa"},"content":{"rendered":"<p>Suporte de placa Ajust\u00e1vel, com lupa 2,5X e garras jacar\u00e9,<br \/>\nIndispens\u00e1vel para trabalhos como soldas de pequenos eletr\u00f4nicos, conserto de pequenas pe\u00e7as, aeromodelismo,artesantos, pequenos servi\u00e7os dom\u00e9sticos e escolares e muito mais.<\/p>\n<p>Conhecido tamb\u00e9m, como suporte terceira m\u00e3o com lupa de aumento 2,5x , sendo um equipamento multiuso que al\u00e9m de ser extremamente \u00fatil para reparos em equipamentos eletr\u00f4nicos e placas, soldagem de fios e componentes em geral serve como uma\u00a0 ferramenta de apoio para trabalhos com pequenos objetos que exijam uma melhor visualiza\u00e7\u00e3o e precis\u00e3o, como, por exemplo, micro soldagens, artesanato, etc.<br \/>\nCom uma \u00a0base do Suporte produzida em ferro fundido, relativamente pesado,respons\u00e1vel pela estabilidade do produto durante os trabalhos de manuten\u00e7\u00e3o e\/ou produ\u00e7\u00e3o de circuitos eletr\u00f4nicos<br \/>\nAtrav\u00e9s de uma lente que se ajusta e duas garras jacar\u00e9 de fixa\u00e7\u00e3o, proporcionando a voc\u00ea hobista ou projetista, uma visualiza\u00e7\u00e3o da pe\u00e7a com uma completa precis\u00e3o durante o reparos ou elabora\u00e7\u00e3o.<\/p>\n<p>Garantia do vendedor: 3 meses<\/p>\n<p>Peso embalagem 340g<\/p>\n<p>Dimens\u00f5es da embalagem : C 120mm \/ L 70mm \/ A 60mm<\/p>\n","protected":false},"excerpt":{"rendered":"<p>Suporte de placa Ajust\u00e1vel, com lupa 2,5X e garras jacar\u00e9,<br \/>\nIndispens\u00e1vel para trabalhos como soldas de pequenos eletr\u00f4nicos, conserto de pequenas pe\u00e7as, aeromodelismo, artesantos, pequenos servi\u00e7os dom\u00e9sticos e escolares e muito mais.<\/p>\n","protected":false},"featured_media":4239,"comment_status":"closed","ping_status":"closed","template":"","meta":{"_joinchat":[]},"product_brand":[],"product_cat":[105],"product_tag":[],"class_list":{"0":"post-4238","1":"product","2":"type-product","3":"status-publish","4":"has-post-thumbnail","6":"product_cat-equipamentos-para-manutencao-em-celular","8":"first","9":"instock","10":"taxable","11":"shipping-taxable","12":"purchasable","13":"product-type-simple"},"_links":{"self":[{"href":"https:\/\/neotecnologica.com.br\/lojavirtual\/wp-json\/wp\/v2\/product\/4238","targetHints":{"allow":["GET"]}}],"collection":[{"href":"https:\/\/neotecnologica.com.br\/lojavirtual\/wp-json\/wp\/v2\/product"}],"about":[{"href":"https:\/\/neotecnologica.com.br\/lojavirtual\/wp-json\/wp\/v2\/types\/product"}],"replies":[{"embeddable":true,"href":"https:\/\/neotecnologica.com.br\/lojavirtual\/wp-json\/wp\/v2\/comments?post=4238"}],"wp:featuredmedia":[{"embeddable":true,"href":"https:\/\/neotecnologica.com.br\/lojavirtual\/wp-json\/wp\/v2\/media\/4239"}],"wp:attachment":[{"href":"https:\/\/neotecnologica.com.br\/lojavirtual\/wp-json\/wp\/v2\/media?parent=4238"}],"wp:term":[{"taxonomy":"product_brand","embeddable":true,"href":"https:\/\/neotecnologica.com.br\/lojavirtual\/wp-json\/wp\/v2\/product_brand?post=4238"},{"taxonomy":"product_cat","embeddable":true,"href":"https:\/\/neotecnologica.com.br\/lojavirtual\/wp-json\/wp\/v2\/product_cat?post=4238"},{"taxonomy":"product_tag","embeddable":true,"href":"https:\/\/neotecnologica.com.br\/lojavirtual\/wp-json\/wp\/v2\/product_tag?post=4238"}],"curies":[{"name":"wp","href":"https:\/\/api.w.org\/{rel}","templated":true}]}}