{"id":4236,"date":"2023-11-20T15:20:33","date_gmt":"2023-11-20T18:20:33","guid":{"rendered":"https:\/\/neotecnologica.com.br\/lojavirtual\/?post_type=product&#038;p=4236"},"modified":"2024-02-14T17:20:31","modified_gmt":"2024-02-14T20:20:31","slug":"suporte-para-retrabalho-de-placa-de-celular","status":"publish","type":"product","link":"https:\/\/neotecnologica.com.br\/lojavirtual\/produto\/suporte-para-retrabalho-de-placa-de-celular\/","title":{"rendered":"Suporte para retrabalho de placa de celular"},"content":{"rendered":"<p>Suporte de retrabalho em placas de celulares e circuitos eletr\u00f4nicos, tipo morsa. Material de alta resist\u00eancia, confort\u00e1vel, leve e de f\u00e1cil manuseio.<\/p>\n<p>Suporte para fixa\u00e7\u00e3o de BGA e PCI, ideal para fixar placas e componentes durante a manuten\u00e7\u00f5es, podendo ser presa \u00e0 mesa ou bancada de trabalho; Possui p\u00e9s de borracha antiderrapantes, possui 3 pinos m\u00f3veis para f\u00e1cil adapta\u00e7\u00e3o; Fixa\u00e7\u00e3o da placa PCI feita sob press\u00e3o, exercida por meio de mola; Fundamental para bancadas eletr\u00f4nicas, com excelente rela\u00e7\u00e3o custo\/benef\u00edcio.<\/p>\n<p>Garantia do vendedor: 3 meses<\/p>\n<p>Peso 65g<\/p>\n<p>Dimens\u00f5es da embalagem : C 160mm \/ L 100mm \/ A 20mm<\/p>\n","protected":false},"excerpt":{"rendered":"<p>Suporte para fixa\u00e7\u00e3o de BGA e PCI, ideal para fixar placas e componentes durante a manuten\u00e7\u00f5es, podendo ser presa \u00e0 mesa ou bancada de trabalho; Possui p\u00e9s de borracha antiderrapantes, possui 3 pinos m\u00f3veis para f\u00e1cil adapta\u00e7\u00e3o; Fixa\u00e7\u00e3o da placa PCI feita sob press\u00e3o, exercida por meio de mola; Fundamental para bancadas eletr\u00f4nicas, com excelente rela\u00e7\u00e3o custo\/benef\u00edcio.<\/p>\n","protected":false},"featured_media":4237,"comment_status":"closed","ping_status":"closed","template":"","meta":{"_joinchat":[]},"product_brand":[],"product_cat":[105],"product_tag":[],"class_list":{"0":"post-4236","1":"product","2":"type-product","3":"status-publish","4":"has-post-thumbnail","6":"product_cat-equipamentos-para-manutencao-em-celular","8":"first","9":"instock","10":"taxable","11":"shipping-taxable","12":"purchasable","13":"product-type-simple"},"_links":{"self":[{"href":"https:\/\/neotecnologica.com.br\/lojavirtual\/wp-json\/wp\/v2\/product\/4236","targetHints":{"allow":["GET"]}}],"collection":[{"href":"https:\/\/neotecnologica.com.br\/lojavirtual\/wp-json\/wp\/v2\/product"}],"about":[{"href":"https:\/\/neotecnologica.com.br\/lojavirtual\/wp-json\/wp\/v2\/types\/product"}],"replies":[{"embeddable":true,"href":"https:\/\/neotecnologica.com.br\/lojavirtual\/wp-json\/wp\/v2\/comments?post=4236"}],"wp:featuredmedia":[{"embeddable":true,"href":"https:\/\/neotecnologica.com.br\/lojavirtual\/wp-json\/wp\/v2\/media\/4237"}],"wp:attachment":[{"href":"https:\/\/neotecnologica.com.br\/lojavirtual\/wp-json\/wp\/v2\/media?parent=4236"}],"wp:term":[{"taxonomy":"product_brand","embeddable":true,"href":"https:\/\/neotecnologica.com.br\/lojavirtual\/wp-json\/wp\/v2\/product_brand?post=4236"},{"taxonomy":"product_cat","embeddable":true,"href":"https:\/\/neotecnologica.com.br\/lojavirtual\/wp-json\/wp\/v2\/product_cat?post=4236"},{"taxonomy":"product_tag","embeddable":true,"href":"https:\/\/neotecnologica.com.br\/lojavirtual\/wp-json\/wp\/v2\/product_tag?post=4236"}],"curies":[{"name":"wp","href":"https:\/\/api.w.org\/{rel}","templated":true}]}}