{"id":4230,"date":"2023-11-20T15:08:12","date_gmt":"2023-11-20T18:08:12","guid":{"rendered":"https:\/\/neotecnologica.com.br\/lojavirtual\/?post_type=product&#038;p=4230"},"modified":"2024-02-14T17:19:39","modified_gmt":"2024-02-14T20:19:39","slug":"alicate-de-bico-yaxun","status":"publish","type":"product","link":"https:\/\/neotecnologica.com.br\/lojavirtual\/produto\/alicate-de-bico-yaxun\/","title":{"rendered":"Alicate de Bico Yaxun"},"content":{"rendered":"<p>Alicate de bico Yaxun YX-50. Alicate de bico meia cana, fabricado em a\u00e7o cromo n\u00edquel, oferecendo resist\u00eancia e durabilidade. Material de alta resist\u00eancia, confort\u00e1vel, leve e de f\u00e1cil manuseio.<\/p>\n<p>Peso 72g<\/p>\n<p>Dimens\u00f5es da embalagem : C 180mm \/ L 60mm \u00a0\/ A 5mm<\/p>\n","protected":false},"excerpt":{"rendered":"<p>Alicate de bico Yaxun YX-50. Alicate de bico meia cana, fabricado em a\u00e7o cromo n\u00edquel, oferecendo resist\u00eancia e durabilidade. Material de alta resist\u00eancia, confort\u00e1vel, leve e de f\u00e1cil manuseio.<\/p>\n","protected":false},"featured_media":4231,"comment_status":"closed","ping_status":"closed","template":"","meta":{"_joinchat":[]},"product_brand":[],"product_cat":[105],"product_tag":[],"class_list":{"0":"post-4230","1":"product","2":"type-product","3":"status-publish","4":"has-post-thumbnail","6":"product_cat-equipamentos-para-manutencao-em-celular","8":"first","9":"instock","10":"taxable","11":"shipping-taxable","12":"purchasable","13":"product-type-simple"},"_links":{"self":[{"href":"https:\/\/neotecnologica.com.br\/lojavirtual\/wp-json\/wp\/v2\/product\/4230","targetHints":{"allow":["GET"]}}],"collection":[{"href":"https:\/\/neotecnologica.com.br\/lojavirtual\/wp-json\/wp\/v2\/product"}],"about":[{"href":"https:\/\/neotecnologica.com.br\/lojavirtual\/wp-json\/wp\/v2\/types\/product"}],"replies":[{"embeddable":true,"href":"https:\/\/neotecnologica.com.br\/lojavirtual\/wp-json\/wp\/v2\/comments?post=4230"}],"wp:featuredmedia":[{"embeddable":true,"href":"https:\/\/neotecnologica.com.br\/lojavirtual\/wp-json\/wp\/v2\/media\/4231"}],"wp:attachment":[{"href":"https:\/\/neotecnologica.com.br\/lojavirtual\/wp-json\/wp\/v2\/media?parent=4230"}],"wp:term":[{"taxonomy":"product_brand","embeddable":true,"href":"https:\/\/neotecnologica.com.br\/lojavirtual\/wp-json\/wp\/v2\/product_brand?post=4230"},{"taxonomy":"product_cat","embeddable":true,"href":"https:\/\/neotecnologica.com.br\/lojavirtual\/wp-json\/wp\/v2\/product_cat?post=4230"},{"taxonomy":"product_tag","embeddable":true,"href":"https:\/\/neotecnologica.com.br\/lojavirtual\/wp-json\/wp\/v2\/product_tag?post=4230"}],"curies":[{"name":"wp","href":"https:\/\/api.w.org\/{rel}","templated":true}]}}