{"id":4224,"date":"2023-11-20T14:46:59","date_gmt":"2023-11-20T17:46:59","guid":{"rendered":"https:\/\/neotecnologica.com.br\/lojavirtual\/?post_type=product&#038;p=4224"},"modified":"2024-02-14T17:16:35","modified_gmt":"2024-02-14T20:16:35","slug":"chave-y-para-iphone","status":"publish","type":"product","link":"https:\/\/neotecnologica.com.br\/lojavirtual\/produto\/chave-y-para-iphone\/","title":{"rendered":"Chave Y para Iphone"},"content":{"rendered":"<p>Chave Y Tri-wing 0.6 Profissional, indicado para trabalhos em bancada de manuten\u00e7\u00e3o em celulares Apple &#8211; Iphone e v\u00e1rios outros equipamentos e componentes eletr\u00f4nicos. Com cabo feito em a\u00e7o, de alt\u00edssima qualidade e sua base\u00a0 girat\u00f3ria, tornando seu trabalho ainda mais pr\u00e1tico. Material de alta resist\u00eancia, confort\u00e1vel, leve e de f\u00e1cil manuseio ( N\u00e3o serve para Nintendo ou Macbook ).<\/p>\n<p>Caso tenha algum problema com a sua encomenda, pedimos por gentileza, que primeiramente, entre em contato por mensagem e ter\u00e1 uma resposta no m\u00e1ximo em 8 horas \u00fatil.<\/p>\n<p>Peso 16g<\/p>\n<p>Comprimento : 120mm \u2013 Diametro 10mm<\/p>\n","protected":false},"excerpt":{"rendered":"<p>Chave Y Tri-wing 0.6 Profissional, indicado para trabalhos em bancada de manuten\u00e7\u00e3o em celulares Apple &#8211; Iphone e v\u00e1rios outros equipamentos e componentes eletr\u00f4nicos. Com cabo feito em a\u00e7o, de alt\u00edssima qualidade e sua base\u00a0 girat\u00f3ria, tornando seu trabalho ainda mais pr\u00e1tico. Material de alta resist\u00eancia, confort\u00e1vel, leve e de f\u00e1cil manuseio ( N\u00e3o serve para Nintendo ou Macbook ).<\/p>\n","protected":false},"featured_media":4225,"comment_status":"closed","ping_status":"closed","template":"","meta":{"_joinchat":[]},"product_brand":[],"product_cat":[105],"product_tag":[],"class_list":{"0":"post-4224","1":"product","2":"type-product","3":"status-publish","4":"has-post-thumbnail","6":"product_cat-equipamentos-para-manutencao-em-celular","8":"first","9":"instock","10":"taxable","11":"shipping-taxable","12":"purchasable","13":"product-type-simple"},"_links":{"self":[{"href":"https:\/\/neotecnologica.com.br\/lojavirtual\/wp-json\/wp\/v2\/product\/4224","targetHints":{"allow":["GET"]}}],"collection":[{"href":"https:\/\/neotecnologica.com.br\/lojavirtual\/wp-json\/wp\/v2\/product"}],"about":[{"href":"https:\/\/neotecnologica.com.br\/lojavirtual\/wp-json\/wp\/v2\/types\/product"}],"replies":[{"embeddable":true,"href":"https:\/\/neotecnologica.com.br\/lojavirtual\/wp-json\/wp\/v2\/comments?post=4224"}],"wp:featuredmedia":[{"embeddable":true,"href":"https:\/\/neotecnologica.com.br\/lojavirtual\/wp-json\/wp\/v2\/media\/4225"}],"wp:attachment":[{"href":"https:\/\/neotecnologica.com.br\/lojavirtual\/wp-json\/wp\/v2\/media?parent=4224"}],"wp:term":[{"taxonomy":"product_brand","embeddable":true,"href":"https:\/\/neotecnologica.com.br\/lojavirtual\/wp-json\/wp\/v2\/product_brand?post=4224"},{"taxonomy":"product_cat","embeddable":true,"href":"https:\/\/neotecnologica.com.br\/lojavirtual\/wp-json\/wp\/v2\/product_cat?post=4224"},{"taxonomy":"product_tag","embeddable":true,"href":"https:\/\/neotecnologica.com.br\/lojavirtual\/wp-json\/wp\/v2\/product_tag?post=4224"}],"curies":[{"name":"wp","href":"https:\/\/api.w.org\/{rel}","templated":true}]}}