{"id":4215,"date":"2023-11-20T14:37:35","date_gmt":"2023-11-20T17:37:35","guid":{"rendered":"https:\/\/neotecnologica.com.br\/lojavirtual\/?post_type=product&#038;p=4215"},"modified":"2024-02-09T12:05:40","modified_gmt":"2024-02-09T15:05:40","slug":"chave-torx-t4","status":"publish","type":"product","link":"https:\/\/neotecnologica.com.br\/lojavirtual\/produto\/chave-torx-t4\/","title":{"rendered":"Chave torx T4"},"content":{"rendered":"<p>Chave Torx T4, indicado para trabalhos em bancada de manuten\u00e7\u00e3o de celulares e v\u00e1rios outros equipamentos e componentes eletr\u00f4nicos. Com cabo feito em a\u00e7o, de alt\u00edssima qualidade e sua base\u00a0 girat\u00f3ria, tornando seu trabalho ainda mais pr\u00e1tico. Material de alta resist\u00eancia, confort\u00e1vel, leve e de f\u00e1cil manuseio.<\/p>\n<p>Caso tenha algum problema com a sua encomenda, pedimos por gentileza, que primeiramente, entre em contato por mensagem e ter\u00e1 uma resposta no m\u00e1ximo em 8 horas \u00fatil.<\/p>\n<p>Peso 16g<\/p>\n<p>Comprimento : 120mm \u2013 Diametro 10mm<\/p>\n","protected":false},"excerpt":{"rendered":"<p>Chave Torx T4, indicado para trabalhos em bancada de manuten\u00e7\u00e3o de celulares e v\u00e1rios outros equipamentos e componentes eletr\u00f4nicos. Com cabo feito em a\u00e7o, de alt\u00edssima qualidade e sua base\u00a0 girat\u00f3ria, tornando seu trabalho ainda mais pr\u00e1tico. Material de alta resist\u00eancia, confort\u00e1vel, leve e de f\u00e1cil manuseio.<\/p>\n","protected":false},"featured_media":4216,"comment_status":"closed","ping_status":"closed","template":"","meta":{"_joinchat":[]},"product_brand":[],"product_cat":[105],"product_tag":[],"class_list":{"0":"post-4215","1":"product","2":"type-product","3":"status-publish","4":"has-post-thumbnail","6":"product_cat-equipamentos-para-manutencao-em-celular","8":"first","9":"instock","10":"taxable","11":"shipping-taxable","12":"purchasable","13":"product-type-simple"},"_links":{"self":[{"href":"https:\/\/neotecnologica.com.br\/lojavirtual\/wp-json\/wp\/v2\/product\/4215","targetHints":{"allow":["GET"]}}],"collection":[{"href":"https:\/\/neotecnologica.com.br\/lojavirtual\/wp-json\/wp\/v2\/product"}],"about":[{"href":"https:\/\/neotecnologica.com.br\/lojavirtual\/wp-json\/wp\/v2\/types\/product"}],"replies":[{"embeddable":true,"href":"https:\/\/neotecnologica.com.br\/lojavirtual\/wp-json\/wp\/v2\/comments?post=4215"}],"wp:featuredmedia":[{"embeddable":true,"href":"https:\/\/neotecnologica.com.br\/lojavirtual\/wp-json\/wp\/v2\/media\/4216"}],"wp:attachment":[{"href":"https:\/\/neotecnologica.com.br\/lojavirtual\/wp-json\/wp\/v2\/media?parent=4215"}],"wp:term":[{"taxonomy":"product_brand","embeddable":true,"href":"https:\/\/neotecnologica.com.br\/lojavirtual\/wp-json\/wp\/v2\/product_brand?post=4215"},{"taxonomy":"product_cat","embeddable":true,"href":"https:\/\/neotecnologica.com.br\/lojavirtual\/wp-json\/wp\/v2\/product_cat?post=4215"},{"taxonomy":"product_tag","embeddable":true,"href":"https:\/\/neotecnologica.com.br\/lojavirtual\/wp-json\/wp\/v2\/product_tag?post=4215"}],"curies":[{"name":"wp","href":"https:\/\/api.w.org\/{rel}","templated":true}]}}