{"id":2796,"date":"2023-06-22T10:54:06","date_gmt":"2023-06-22T13:54:06","guid":{"rendered":"https:\/\/neotecnologica.com.br\/lojavirtual\/?page_id=2796"},"modified":"2023-12-04T13:50:35","modified_gmt":"2023-12-04T16:50:35","slug":"informacoes-de-entrega","status":"publish","type":"page","link":"https:\/\/neotecnologica.com.br\/lojavirtual\/informacoes-de-entrega\/","title":{"rendered":"Informa\u00e7\u00f5es de Entrega"},"content":{"rendered":"\t\t<div data-elementor-type=\"wp-page\" data-elementor-id=\"2796\" class=\"elementor elementor-2796\" data-elementor-post-type=\"page\">\n\t\t\t\t\t\t\t\t\t<section class=\"elementor-section elementor-top-section elementor-element elementor-element-70c6fe74 elementor-section-boxed elementor-section-height-default elementor-section-height-default\" data-id=\"70c6fe74\" data-element_type=\"section\">\n\t\t\t\t\t\t<div class=\"elementor-container elementor-column-gap-default\">\n\t\t\t\t\t<div class=\"elementor-column elementor-col-100 elementor-top-column elementor-element elementor-element-65235249\" data-id=\"65235249\" data-element_type=\"column\">\n\t\t\t<div class=\"elementor-widget-wrap elementor-element-populated\">\n\t\t\t\t\t\t\t\t<div class=\"elementor-element elementor-element-19cc334f elementor-widget elementor-widget-text-editor\" data-id=\"19cc334f\" data-element_type=\"widget\" data-widget_type=\"text-editor.default\">\n\t\t\t\t<div class=\"elementor-widget-container\">\n\t\t\t<style>\/*! elementor - v3.17.0 - 08-11-2023 *\/\n.elementor-widget-text-editor.elementor-drop-cap-view-stacked .elementor-drop-cap{background-color:#69727d;color:#fff}.elementor-widget-text-editor.elementor-drop-cap-view-framed .elementor-drop-cap{color:#69727d;border:3px solid;background-color:transparent}.elementor-widget-text-editor:not(.elementor-drop-cap-view-default) .elementor-drop-cap{margin-top:8px}.elementor-widget-text-editor:not(.elementor-drop-cap-view-default) .elementor-drop-cap-letter{width:1em;height:1em}.elementor-widget-text-editor .elementor-drop-cap{float:left;text-align:center;line-height:1;font-size:50px}.elementor-widget-text-editor .elementor-drop-cap-letter{display:inline-block}<\/style>\t\t\t\t<!-- wp:heading -->\n<p>O prazo para entrega do seu pedido pode variar de acordo com a localidade e a op\u00e7\u00e3o de frete escolhida. As op\u00e7\u00f5es de entrega s\u00e3o:<\/p>\n<p>\u00a0<\/p>\n<ul>\n<li><strong>Correios SEDEX<\/strong><\/li>\n<li><strong>Correios PAC<\/strong><\/li>\n<\/ul>\n<p>\u00a0<\/p>\n<p>Seu pedido ser\u00e1 liberado para faturamento ap\u00f3s confirma\u00e7\u00e3o de dados pela NEO TECNOL\u00d3GICA, e assim que recebermos a aprova\u00e7\u00e3o do cart\u00e3o de cr\u00e9dito ou a confirma\u00e7\u00e3o de pagamento do banco.<\/p>\n<p>\u00a0<\/p>\n<p>O prazo para a entrega come\u00e7a a contar a partir da data de despacho do produto, pois se um pagamento for aprovado s\u00e1bado, domingo ou feriado, ser\u00e1 enviado somente no pr\u00f3ximo dia \u00fatil.<\/p>\n<p>\u00a0<\/p>\n<p>Para facilitar, voc\u00ea ser\u00e1 informado por e-mail ou whatsapp o c\u00f3digo de rastreio dos correios.<\/p>\n<!-- \/wp:paragraph -->\t\t\t\t\t\t<\/div>\n\t\t\t\t<\/div>\n\t\t\t\t\t<\/div>\n\t\t<\/div>\n\t\t\t\t\t\t\t<\/div>\n\t\t<\/section>\n\t\t\t\t\t\t\t<\/div>\n\t\t","protected":false},"excerpt":{"rendered":"<p>O prazo para entrega do seu pedido pode variar de acordo com a localidade e a op\u00e7\u00e3o de frete escolhida. As op\u00e7\u00f5es de entrega s\u00e3o: \u00a0 Correios SEDEX Correios PAC \u00a0 Seu pedido ser\u00e1 liberado para faturamento ap\u00f3s confirma\u00e7\u00e3o de dados pela NEO TECNOL\u00d3GICA, e assim que recebermos a aprova\u00e7\u00e3o do cart\u00e3o de cr\u00e9dito ou [&hellip;]<\/p>\n","protected":false},"author":1,"featured_media":0,"parent":0,"menu_order":0,"comment_status":"closed","ping_status":"closed","template":"","meta":{"_joinchat":[],"footnotes":""},"class_list":["post-2796","page","type-page","status-publish","hentry"],"_links":{"self":[{"href":"https:\/\/neotecnologica.com.br\/lojavirtual\/wp-json\/wp\/v2\/pages\/2796","targetHints":{"allow":["GET"]}}],"collection":[{"href":"https:\/\/neotecnologica.com.br\/lojavirtual\/wp-json\/wp\/v2\/pages"}],"about":[{"href":"https:\/\/neotecnologica.com.br\/lojavirtual\/wp-json\/wp\/v2\/types\/page"}],"author":[{"embeddable":true,"href":"https:\/\/neotecnologica.com.br\/lojavirtual\/wp-json\/wp\/v2\/users\/1"}],"replies":[{"embeddable":true,"href":"https:\/\/neotecnologica.com.br\/lojavirtual\/wp-json\/wp\/v2\/comments?post=2796"}],"version-history":[{"count":0,"href":"https:\/\/neotecnologica.com.br\/lojavirtual\/wp-json\/wp\/v2\/pages\/2796\/revisions"}],"wp:attachment":[{"href":"https:\/\/neotecnologica.com.br\/lojavirtual\/wp-json\/wp\/v2\/media?parent=2796"}],"curies":[{"name":"wp","href":"https:\/\/api.w.org\/{rel}","templated":true}]}}